{"id":6052,"date":"2019-02-27T13:42:48","date_gmt":"2019-02-27T13:42:48","guid":{"rendered":"http:\/\/edituravirtuala.ro\/editura\/?page_id=6052"},"modified":"2019-02-27T13:42:49","modified_gmt":"2019-02-27T13:42:49","slug":"formular-analiza-literara","status":"publish","type":"page","link":"https:\/\/edituravirtuala.ro\/editura\/formular-analiza-literara\/","title":{"rendered":"Formular analiz\u0103 literar\u0103"},"content":{"rendered":"<div id=\"vfb-form-9\" class=\"visual-form-builder-container\"><form id=\"formular-analiza-literara-si-editare-9\" class=\"visual-form-builder vfb-form-9  left-label\" method=\"post\" enctype=\"multipart\/form-data\">\n\t  \t<input type=\"hidden\" name=\"form_id\" value=\"9\" \/><fieldset class=\"vfb-fieldset vfb-fieldset-1 date-personale \" id=\"item-vfb-220\"><div class=\"vfb-legend\"><h3>Date personale<\/h3><\/div><ul class=\"vfb-section vfb-section-1\"><li class=\"vfb-item vfb-item-text  \" id=\"item-vfb-221\"><label for=\"vfb-221\" class=\"vfb-desc\">Prenume \u015fi nume  <span class=\"vfb-required-asterisk\">*<\/span><\/label><input type=\"text\" name=\"vfb-221\" id=\"vfb-221\" value=\"\" class=\"vfb-text  vfb-medium  required  \" \/><\/li><li class=\"vfb-item vfb-item-email  \" id=\"item-vfb-223\"><label for=\"vfb-223\" class=\"vfb-desc\">Adresa de e-mail  <span class=\"vfb-required-asterisk\">*<\/span><\/label><input type=\"email\" name=\"vfb-223\" id=\"vfb-223\" value=\"\" class=\"vfb-text  vfb-medium  required  email \" \/><\/li><li class=\"vfb-item vfb-item-phone  \" id=\"item-vfb-224\"><label for=\"vfb-224\" class=\"vfb-desc\">Num\u0103r de telefon <\/label><input type=\"tel\" name=\"vfb-224\" id=\"vfb-224\" value=\"\" class=\"vfb-text  vfb-medium   phone \" \/><\/li><li class=\"vfb-item vfb-item-textarea  \" id=\"item-vfb-229\"><label for=\"vfb-229\" class=\"vfb-desc\">Adresa <\/label><div><textarea name=\"vfb-229\" id=\"vfb-229\" class=\"vfb-textarea  vfb-medium  \"><\/textarea><\/div><\/li><li class=\"vfb-item vfb-item-checkbox  \" id=\"item-vfb-222\"><label class=\"vfb-desc\">Cum dori\u021bi s\u0103 v\u0103 contact\u0103m? <\/label><div><span><label>Prin trimiterea acestui formular, sunte\u021bi de acord s\u0103 primi\u021bi regulat, cel pu\u021bin o dat\u0103 pe lun\u0103, prin e-mail, inform\u0103ri de la Editura Virtual\u0103. Pentru a v\u0103 dezabona, folosi\u021bi link-ul specific de la fiecare mesaj primit.<\/label><\/span><span class=\"vfb-span\"><input type=\"checkbox\" name=\"vfb-222[]\" id=\"vfb-222-0\" value=\"E-mail\" class=\"vfb-checkbox  \" \/><label for=\"vfb-222-0\" class=\"vfb-choice\">E-mail<\/label><\/span><span class=\"vfb-span\"><input type=\"checkbox\" name=\"vfb-222[]\" id=\"vfb-222-1\" value=\"Telefon\" class=\"vfb-checkbox  \" \/><label for=\"vfb-222-1\" class=\"vfb-choice\">Telefon<\/label><\/span><div style=\"clear:both\"><\/div><\/div><\/li><li class=\"vfb-item vfb-item-select  \" id=\"item-vfb-225\"><label for=\"vfb-225\" class=\"vfb-desc\">Unde a\u0163i auzit de noi?  <span class=\"vfb-required-asterisk\">*<\/span><\/label><select name=\"vfb-225\" id=\"vfb-225\" class=\"vfb-select  vfb-medium  required \"><option value=\"Alege\u0163i\">Alege\u0163i<\/option><option value=\"C\u0103utare pe internet\">C\u0103utare pe internet<\/option><option value=\"Reclam\u0103 pe internet\">Reclam\u0103 pe internet<\/option><option value=\"Presa scris\u0103\/Bloguri\">Presa scris\u0103\/Bloguri<\/option><option value=\"Mi-a recomandat un prieten\">Mi-a recomandat un prieten<\/option><option value=\"Din discu\u0163ii\">Din discu\u0163ii<\/option><\/select><\/li><\/ul>&nbsp;<\/fieldset><fieldset class=\"vfb-fieldset vfb-fieldset-2 analiza-literara-si-editare \" id=\"item-vfb-213\"><div class=\"vfb-legend\"><h3>Analiz\u0103 literar\u0103 \u0219i editare<\/h3><\/div><ul class=\"vfb-section vfb-section-2\"><li class=\"vfb-item vfb-item-select  \" id=\"item-vfb-217\"><label for=\"vfb-217\" class=\"vfb-desc\">Selecta\u0163i tipul de serviciu  <span class=\"vfb-required-asterisk\">*<\/span><\/label><select name=\"vfb-217\" id=\"vfb-217\" class=\"vfb-select  vfb-medium  required \"><option value=\"Alege\u021bi serviciul dorit\">Alege\u021bi serviciul dorit<\/option><option value=\"Analiz\u0103 SWOT\">Analiz\u0103 SWOT<\/option><option value=\"Analiz\u0103 literar\u0103 extins\u0103 (referat de carte)\">Analiz\u0103 literar\u0103 extins\u0103 (referat de carte)<\/option><option value=\"Editare\">Editare<\/option><\/select><\/li><li class=\"vfb-item vfb-item-checkbox  \" id=\"item-vfb-234\"><label class=\"vfb-desc\">Sunt interesat \u0219i de: <\/label><div><span class=\"vfb-span\"><input type=\"checkbox\" name=\"vfb-234[]\" id=\"vfb-234-0\" value=\"Publicare\" class=\"vfb-checkbox  \" \/><label for=\"vfb-234-0\" class=\"vfb-choice\">Publicare<\/label><\/span><span class=\"vfb-span\"><input type=\"checkbox\" name=\"vfb-234[]\" id=\"vfb-234-1\" value=\"Tip\u0103rire\" class=\"vfb-checkbox  \" \/><label for=\"vfb-234-1\" class=\"vfb-choice\">Tip\u0103rire<\/label><\/span><span class=\"vfb-span\"><input type=\"checkbox\" name=\"vfb-234[]\" id=\"vfb-234-2\" value=\"Distribu\u021bie\" class=\"vfb-checkbox  \" \/><label for=\"vfb-234-2\" class=\"vfb-choice\">Distribu\u021bie<\/label><\/span><span class=\"vfb-span\"><input type=\"checkbox\" name=\"vfb-234[]\" id=\"vfb-234-3\" value=\"Marketing\" class=\"vfb-checkbox  \" \/><label for=\"vfb-234-3\" class=\"vfb-choice\">Marketing<\/label><\/span><div style=\"clear:both\"><\/div><\/div><\/li><\/ul>&nbsp;<\/fieldset><fieldset class=\"vfb-fieldset vfb-fieldset-3 info-carte \" id=\"item-vfb-231\"><div class=\"vfb-legend\"><h3>Info carte<\/h3><\/div><ul class=\"vfb-section vfb-section-3\"><li class=\"vfb-item vfb-item-number  \" id=\"item-vfb-232\"><label for=\"vfb-232\" class=\"vfb-desc\">Num\u0103r de cuvinte <\/label><input type=\"text\" name=\"vfb-232\" id=\"vfb-232\" value=\"\" class=\"vfb-text  vfb-medium   digits \" \/><\/li><li class=\"vfb-item vfb-item-text  \" id=\"item-vfb-233\"><label for=\"vfb-233\" class=\"vfb-desc\">Genul c\u0103r\u021bii <\/label><input type=\"text\" name=\"vfb-233\" id=\"vfb-233\" value=\"\" class=\"vfb-text  vfb-medium   \" \/><\/li><li class=\"vfb-item vfb-item-file-upload  \" id=\"item-vfb-235\"><label for=\"vfb-235\" class=\"vfb-desc\">Ata\u0219eaz\u0103 manuscrisul <\/label><input type=\"file\" name=\"vfb-235\" id=\"vfb-235\" value=\"\" class=\"vfb-text  vfb-medium     {accept:'doc|docx|rtf|txt|odt|ott'}\" \/><\/li><\/ul>&nbsp;<\/fieldset><fieldset class=\"vfb-fieldset vfb-fieldset-4 mesaj \" id=\"item-vfb-226\"><div class=\"vfb-legend\"><h3>Mesaj<\/h3><\/div><ul class=\"vfb-section vfb-section-4\"><li class=\"vfb-item vfb-item-textarea  \" id=\"item-vfb-227\"><label for=\"vfb-227\" class=\"vfb-desc\">Scrie\u021bi mesajul dvs. <\/label><div><span class=\"vfb-span\"><label>maximum 500 caractere<\/label><\/span><textarea name=\"vfb-227\" id=\"vfb-227\" class=\"vfb-textarea  vfb-medium  \"><\/textarea><\/div><\/li><li class=\"vfb-item vfb-item-checkbox  \" id=\"item-vfb-228\"><label class=\"vfb-desc\">Termenii \u015fi condi\u0163iile de accesare  <span class=\"vfb-required-asterisk\">*<\/span><\/label><div><span><label>Prin trimiterea acestui formular, sunt de acord \u00een mod expres \u0219i pe deplin cu:<\/label><\/span><span class=\"vfb-span\"><input type=\"checkbox\" name=\"vfb-228[]\" id=\"vfb-228-0\" value=\"&lt;a href=&quot;http:\/\/edituravirtuala.ro\/editura\/termenii-si-conditiile-de-accesare\/&quot; target=&quot;_blank&quot;&gt;Termenii \u015fi condi\u0163iile&lt;\/a&gt; de accesare\" class=\"vfb-checkbox  required \" \/><label for=\"vfb-228-0\" class=\"vfb-choice\"><a href=\"http:\/\/edituravirtuala.ro\/editura\/termenii-si-conditiile-de-accesare\/\" target=\"_blank\">Termenii \u015fi condi\u0163iile<\/a> de accesare<\/label><\/span><span class=\"vfb-span\"><input type=\"checkbox\" name=\"vfb-228[]\" id=\"vfb-228-1\" value=\"&lt;a href=&quot;http:\/\/edituravirtuala.ro\/editura\/politica-de-confidentialitate\/&quot; target=&quot;_blank&quot;&gt;Politica de confiden\u021bialitate&lt;\/a&gt;\" class=\"vfb-checkbox  required \" \/><label for=\"vfb-228-1\" class=\"vfb-choice\"><a href=\"http:\/\/edituravirtuala.ro\/editura\/politica-de-confidentialitate\/\" target=\"_blank\">Politica de confiden\u021bialitate<\/a><\/label><\/span><span class=\"vfb-span\"><input type=\"checkbox\" name=\"vfb-228[]\" id=\"vfb-228-2\" value=\"&lt;a href=&quot;http:\/\/edituravirtuala.ro\/editura\/termeni-si-conditii-specifice-analiza-literara-editare\/&quot; target=&quot;__blank&quot;&gt;Termenii \u015fi condi\u0163iile specifice Analizei literare&lt;\/a&gt;\" class=\"vfb-checkbox  required \" \/><label for=\"vfb-228-2\" class=\"vfb-choice\"><a href=\"http:\/\/edituravirtuala.ro\/editura\/termeni-si-conditii-specifice-analiza-literara-editare\/\" target=\"__blank\">Termenii \u015fi condi\u0163iile specifice Analizei literare<\/a><\/label><\/span><div style=\"clear:both\"><\/div><\/div><\/li><\/ul>&nbsp;<\/fieldset><fieldset class=\"vfb-fieldset vfb-fieldset-5 verificare \" id=\"item-vfb-214\" style=\"display:block\"><div class=\"vfb-legend\"><h3>Verificare<\/h3><\/div><ul class=\"vfb-section vfb-section-5\"><li class=\"vfb-item vfb-item-secret\"  style=\"display:block\"><label for=\"vfb-215\" class=\"vfb-desc\">Introduce\u021bi oricare dou\u0103 cifre <span class=\"vfb-required-asterisk\">*<\/span><\/label><input type=\"hidden\" name=\"_vfb-secret\" value=\"vfb-215\" \/><span class=\"vfb-span\"><input type=\"text\" name=\"vfb-215\" id=\"vfb-215\" value=\"\" class=\"vfb-text  vfb-medium  required {digits:true,maxlength:2,minlength:2} \" style=\"display:block\" \/><label>Example: 12<\/label><\/span><li style=\"display:none;\"><label>This box is for spam protection - &lt;strong&gt;please leave it blank&lt;\/strong&gt;:<\/label><div><input name=\"vfb-spam\" \/><\/div><\/li>\n\t\t\t<li class=\"vfb-item vfb-item-submit\" id=\"item-vfb-216\">\n\t\t\t\t<input type=\"submit\" name=\"vfb-submit\" id=\"vfb-216\" value=\"Trimite\" class=\"vfb-submit \" \/>\n\t\t\t\t<\/li><\/ul>\n\t\t\t<\/fieldset><input type=\"hidden\" name=\"_wp_http_referer\" value=\"\/editura\/wp-json\/wp\/v2\/pages\/6052\" \/><\/form><\/div> <!-- .visual-form-builder-container -->\n","protected":false},"excerpt":{"rendered":"","protected":false},"author":2,"featured_media":0,"parent":0,"menu_order":0,"comment_status":"closed","ping_status":"closed","template":"","meta":{"footnotes":""},"class_list":["post-6052","page","type-page","status-publish","hentry"],"zion_builder_status":false,"_links":{"self":[{"href":"https:\/\/edituravirtuala.ro\/editura\/wp-json\/wp\/v2\/pages\/6052","targetHints":{"allow":["GET"]}}],"collection":[{"href":"https:\/\/edituravirtuala.ro\/editura\/wp-json\/wp\/v2\/pages"}],"about":[{"href":"https:\/\/edituravirtuala.ro\/editura\/wp-json\/wp\/v2\/types\/page"}],"author":[{"embeddable":true,"href":"https:\/\/edituravirtuala.ro\/editura\/wp-json\/wp\/v2\/users\/2"}],"replies":[{"embeddable":true,"href":"https:\/\/edituravirtuala.ro\/editura\/wp-json\/wp\/v2\/comments?post=6052"}],"version-history":[{"count":0,"href":"https:\/\/edituravirtuala.ro\/editura\/wp-json\/wp\/v2\/pages\/6052\/revisions"}],"wp:attachment":[{"href":"https:\/\/edituravirtuala.ro\/editura\/wp-json\/wp\/v2\/media?parent=6052"}],"curies":[{"name":"wp","href":"https:\/\/api.w.org\/{rel}","templated":true}]}}