{"id":4500,"date":"2012-01-20T21:41:45","date_gmt":"2012-01-20T21:41:45","guid":{"rendered":"http:\/\/edituraeagle.ro\/?page_id=1089"},"modified":"2012-01-20T21:41:45","modified_gmt":"2012-01-20T21:41:45","slug":"ghid-de-trimitere-a-manuscrisului-2","status":"publish","type":"page","link":"https:\/\/edituravirtuala.ro\/editura\/ghid-de-trimitere-a-manuscrisului-2\/","title":{"rendered":"Ghid de trimitere a manuscrisului (instruc\u0163iuni generale)"},"content":{"rendered":"<p style=\"text-align: justify;\"><span style=\"color: #cc0000;\"><strong>IMPORTANT!<\/strong><\/span><span style=\"color: #333333;\"><br \/>\n<\/span><\/p>\n<p style=\"text-align: justify;\"><strong>V\u0103 rug\u0103m s\u0103 urma\u021bi instruc\u021biunile de mai jos de formatare a manuscrisului pe care \u00eel trimite\u021bi spre evaluare.<\/strong><\/p>\n<p style=\"text-align: justify;\">V\u0103 rug\u0103m s\u0103 trimite\u0163i la evaluare numai texte scrise \u00een limba rom\u00e2n\u0103 cu diacritice.<\/p>\n<p style=\"text-align: justify;\">Minime reguli de dactilografiere a unui text:<\/p>\n<ul style=\"text-align: justify;\">\n<li><strong>Insera\u021bi diacriticele.<\/strong> Multe cuvinte \u00ee\u0219i schimb\u0103 sensul dac\u0103 sunt scrise f\u0103r\u0103 diacritice \u0219i pot schimba chiar \u0219i sensul propozi\u021biei sau frazei din care fac parte. Creierul \u201eghice\u0219te\u201d, de regul\u0103, sensul corect, dar pentru c\u0103 textele procesate de noi sunt literare, este necesar ca lectorii s\u0103 poat\u0103 citi sensul dorit de autor.<\/li>\n<li><strong>Virgula se pune imediat dup\u0103 cuv\u00e2nt.<\/strong> Nu insera\u021bi spa\u021biu \u00eenainte de virgul\u0103 \u0219i, \u00een general, NU\u00a0insera\u021bi spa\u021biu \u00eenainte de semnele de punctua\u021bie: unele texte se formateaz\u0103 la lectur\u0103 \u0219i opera\u021biunea \u201eJustify\u201d dep\u0103rteaz\u0103, de regul\u0103, cuvintele \u00eentre ele. Astfel, virgula ori alt semn de punctua\u021bie r\u0103m\u00e2n singulare \u0219i \u00eempiedic\u0103 o lectur\u0103 coerent\u0103.<\/li>\n<li><strong>Insera\u021bi spa\u021biu dup\u0103 virgul\u0103<\/strong>, ca de altfel dup\u0103 orice alt semn de punctua\u021bie. Nu-l (o) lega\u021bi de cuv\u00e2ntul urm\u0103tor din acelea\u0219i considerente ca mai sus.<\/li>\n<li><strong>Nu scrie\u021bi prescurtat.<\/strong> Un manuscris literar nu este o noti\u021b\u0103 de blog \u0219i nici un curs \u0219colar. Prescurt\u0103rile pot \u00eempiedica \u00een\u021belegerea unui text.<\/li>\n<li><strong style=\"font-size: 1.17em;\">Nu scrie\u021bi manuscrisul cu MAJUSCULE: <\/strong>manuscrisul nu trebuie s\u0103 fie scris cu majuscule pentru c\u0103 ne va \u00eempiedica s\u0103 lectur\u0103m\/proces\u0103m textul.<\/li>\n<li><strong>Nu folosi\u021bi text subliniat.<\/strong> Acolo unde este posibil, \u00eenlocui\u021bi textul subliniat cu italice.<\/li>\n<\/ul>\n<p style=\"text-align: center;\">\u00a0<span style=\"text-align: center;\">***<\/span><\/p>\n<p style=\"text-align: justify;\"><strong>V\u0103 rug\u0103m s\u0103 urma\u021bi aceste instruc\u021biuni de formatare a manuscrisului dvs. pentru a optimiza \u0219i eficientiza procesul de editare \u0219i produc\u021bie.<\/strong><\/p>\n<p style=\"text-align: justify;\">Manuscrisul dvs. trebuie s\u0103 fie organizat \u00eentr-un singur fi\u0219ier. Acesta trebuie s\u0103 fie creat cu un procesor de text precum Microsoft Word (.doc), Open Office sau orice alt procesor care salveaz\u0103 fi\u0219iere de tip .rtf (Rich Text Format). Pentru produc\u021bie de carte digital\u0103 sau pachetele Personal \u0219au dac\u0103 manuscrisul dvs. nu este \u00een format electronic, Editura Virtual\u0103 poate digitiza manuscrisul dvs. la pre\u021buri competitive.<\/p>\n<p style=\"text-align: justify;\">Pentru a accesa pachetele de servicii, lucrarea dvs. trebuie s\u0103 aib\u0103 un num\u0103r de cuvinte de minim 10.000. Sub acest num\u0103r de cuvinte, lucr\u0103rile sunt tratate ca beneficiare de servicii individuale.<\/p>\n<p style=\"text-align: justify;\">V\u0103 rug\u0103m s\u0103 \u021bine\u021bi cont de regulile urm\u0103toare atunci c\u00e2nd urca\u021bi manuscrisul dvs., indiferent care este pachetul de servicii pe care \u00eel achizi\u021biona\u021bi.<\/p>\n<p style=\"text-align: justify;\">Prefer\u0103m:<\/p>\n<ul style=\"text-align: justify;\">\n<li>Fonturi Times New Roman sau Calibri. Fontul final va fi stabilit ulterior.<\/li>\n<li>Folosi\u021bi tasta enter pentru a trece la un alt paragraf sau la un r\u00e2nd nou. Evita\u021bi folosirea tastei SPACE pentru acest lucru.<\/li>\n<li>Folosi\u021bi combina\u021bia de taste Ctrl + Enter pentru a \u00eencepe un capitol nou la \u00eenceput de pagin\u0103<\/li>\n<li>Paragrafele vor fi \u00eencepute cu un singur tab, de preferin\u021b\u0103 de 0,5 inci (nu folosi\u021bi tasta SPACE pentru diferen\u021bierea paragrafelor) .<\/li>\n<li>Note de subsol, headere \u0219i numerotare automat\u0103 (folosi\u021bi func\u021biile de numerotare \u0219i cele de note de subsol \u0219i headere) .<\/li>\n<\/ul>\n<p style=\"text-align: justify;\"><strong>Ce trebuie s\u0103 evita\u021bi atunci c\u00e2nd formata\u021bi fi\u0219ierele:<\/strong><\/p>\n<ul style=\"text-align: justify;\">\n<li>Coloane \u00een interiorul textului. Editura Virtual\u0103 ofer\u0103 layout-uri standard de carte. Introducerea de coloane poate corupe aspectul final al lucr\u0103rii. Se accept\u0103 coloane dac\u0103 a\u021bi achizi\u021bionat un pachet care con\u021bine interior cu design dedicat.<\/li>\n<li>Text subliniat. Acolo unde este posibil, \u00eenlocui\u021bi textul subliniat cu italice.<\/li>\n<li>Note de subsol introduse \u00een pagin\u0103. Dac\u0103 ave\u021bi note de subsol, marca\u021bi aceste note la sf\u00e2r\u0219itul capitolului sau al lucr\u0103rii.<\/li>\n<li>Imaginile inserate \u00een manuscris.<\/li>\n<li>Caractere de tip Wingdings, marcatori de tip symbol sau caractere care nu sunt disponibile \u00een fontul curent utilizat. Folosi\u021bi marcatorii implici\u021bi ai procesorului dvs. de text \u0219i men\u021biona\u021bi separat, \u00eentr-un text de comentarii, eventualele caracteristici specifice ale textului.<\/li>\n<li>\u00censcrierea numelui dvs. pe fiecare pagin\u0103.<\/li>\n<\/ul>\n<p style=\"text-align: justify;\"><strong>Formatul fi\u0219ierului (fi\u0219ierelor) \u00een care accept\u0103m manuscrisul:<\/strong><\/p>\n<p style=\"text-align: justify;\">Aproape orice procesator de text, inclusiv:<\/p>\n<p style=\"text-align: justify;\">&#8211; orice versiune de Microsoft Word<br \/>\n&#8211; Microsoft works<br \/>\n&#8211; Open Office<br \/>\n&#8211; formatul RTF<\/p>\n<p style=\"text-align: justify;\">Textele trimise \u00een format .txt nu vor fi luate \u00een considera\u021bie.<\/p>\n<h3 style=\"text-align: justify;\"><strong><strong>Formatul fi\u0219ierului (fi\u0219ierelor) \u00een care accept\u0103m imaginile (dac\u0103 exist\u0103):<\/strong><\/strong><\/h3>\n<p style=\"text-align: justify;\">&#8211; .jpg, .jpeg, .tiff, .psd, .bmp.<\/p>\n<p style=\"text-align: justify;\"><strong>Formatare grafic\u0103 <\/strong><\/p>\n<p style=\"text-align: justify;\">Toate imaginile \u0219i graficele trebuie s\u0103 aib\u0103 o rezolu\u021bie de minim 300 dpi recomandat\u0103 pentru o calitate corespunz\u0103toare. Acestea includ: fotografii, diagrame, tabele, desene \u0219i, \u00een principiu, orice altceva care nu este text.<\/p>\n<p style=\"text-align: justify;\">Imaginile vor fi salvate ca fi\u0219iere de tip TIFF (.tif) sau JPEG, cu modelul de culoare CMYK (\u0219i nu RGB), la dimensiunile originale. Copertele realizate \u00een special pentru tip\u0103rire (Pachetele Clasic) de c\u0103tre autor vor fi trimise \u00een format Corel Draw (.cdr), cu textul convertit la curbe. Pentru carte digital\u0103 se accept\u0103 \u0219i .jpeg de calitate, .tif de calitate sau .AI(fi\u0219ier Adobe Illustrator).<\/p>\n<p style=\"text-align: justify;\">Dac\u0103 dori\u021bi s\u0103 insera\u021bi imagini pe care le de\u021bine\u021bi ca imagini fizice (lucr\u0103ri de art\u0103, desene, fotografii pe h\u00e2rtie, etc.), v\u0103 rug\u0103m s\u0103 le scana\u021bi la dimensiunea original\u0103, cu o rezolu\u021bie de minim 300dpi.<\/p>\n<p style=\"text-align: justify;\">Imaginile din interiorul lucr\u0103rii vor fi convertite \u0219i inserate \u00een alb\/negru sau tonuri de gri. Momentan, nu producem c\u0103r\u021bi cu interior color.<\/p>\n<p style=\"text-align: justify;\">Imaginile vor fi trimise \u00ceNTOTDEAUNA separat de text. NU INCLUDE\u021aI imagini \u00een manuscris. Salva\u021bi imaginile cu denumiri specifice corespunz\u0103toare: test1.jpg, test2.tif, etc. Insera\u021bi \u00een text, exact unde dori\u021bi s\u0103 fie introdus\u0103 imaginea, un marcaj de genul: &lt;insera\u021bi imaginea test1.jpg aici&gt;. V\u0103 rug\u0103m s\u0103 folosi\u021bi numele exact al imaginii pentru o identificare corect\u0103.<\/p>\n<p style=\"text-align: justify;\">Num\u0103rul de imagini permis pentru inserare \u00een con\u021binut depinde de tipul de pachet de servicii ales. Orice inserare suplimentar\u0103 se tarifeaz\u0103 conform schemei de tarifare specifice.<\/p>\n<p style=\"text-align: justify;\">Imaginile pe care ar trebui s\u0103 le trimite\u021bi (de\u021bine\u021bi) pentru lucrarea dvs. sunt, de regul\u0103, urm\u0103toarele:<\/p>\n<ul style=\"text-align: justify;\">\n<li>Ilustra\u021bia de copert\u0103 \u2013 pentru a fi inserat\u0103 pe coperta I.<\/li>\n<li>Designul copertei \u2013 .jpeg de calitate, .tif de calitate, .cdr (fi\u0219ier Corel Draw) sau .AI(fi\u0219ier Adobe Illustrator)<em> <\/em><\/li>\n<li>Imaginile de interior \u2013 care vor fi incluse \u00een manuscris.<\/li>\n<li>Fotografia autorului \u2013 care va fi plasat\u0103 pe coperta IV<em>.\u00a0<\/em><\/li>\n<\/ul>\n<h3 style=\"text-align: justify;\"><strong>Manuscrisul inclus \u00eentr-un singur fi\u0219ier<\/strong><strong>:<\/strong><\/h3>\n<p style=\"text-align: justify;\">V\u0103 rug\u0103m s\u0103 crea\u021bi un singur fi\u0219ier pentru \u00eentreg manuscrisul. Nu trimite\u021bi, de exemplu, fi\u0219iere separate cu fiecare capitol sau pagin\u0103.<\/p>\n<h3 style=\"text-align: justify;\"><strong>Dac\u0103 trimite\u0163i cartea gata tehnoredactat\u0103, include\u021bi imaginile \u00een manuscris:<\/strong><\/h3>\n<p style=\"text-align: justify;\">Plasa\u021bi imaginile, dac\u0103 exist\u0103, \u00een locul unde dori\u021bi s\u0103 fie tip\u0103rite.<\/p>\n<p style=\"text-align: justify;\">\u00cen oricare alt\u0103 situa\u0163ie, insera\u021bi \u00een manuscris denumirile imaginilor \u015fi denumi\u021bi identic imaginile pe care le ata\u0219a\u021bi. Imaginile trebuie s\u0103 fie ata\u0219ate separat \u0219i trebuie s\u0103 aib\u0103 o rezolu\u021bie de minim 300 dpi.<\/p>\n<h3 style=\"text-align: justify;\">Aceste cerin\u021be sunt create pentru a fluidiza procesul de lucru \u0219i a scurta timpul de analiz\u0103, prelucrare sau produc\u021bie. Evaluarea gratuit\u0103 se face doar pentru textele care respect\u0103 cel pu\u021bin prima parte a acestor reguli. V\u0103 mul\u021bumim pentru \u00een\u021belegere.<\/h3>\n","protected":false},"excerpt":{"rendered":"<p>IMPORTANT! V\u0103 rug\u0103m s\u0103 urma\u021bi instruc\u021biunile de mai jos de formatare a manuscrisului pe care \u00eel trimite\u021bi spre evaluare. V\u0103 rug\u0103m s\u0103 trimite\u0163i la evaluare numai texte scrise \u00een limba rom\u00e2n\u0103 cu diacritice. Minime reguli de dactilografiere a unui text: Insera\u021bi diacriticele. Multe cuvinte \u00ee\u0219i schimb\u0103 sensul dac\u0103 sunt scrise f\u0103r\u0103 diacritice \u0219i pot schimba<\/p>\n","protected":false},"author":3,"featured_media":0,"parent":0,"menu_order":0,"comment_status":"open","ping_status":"closed","template":"","meta":{"footnotes":""},"class_list":["post-4500","page","type-page","status-publish","hentry"],"zion_builder_status":false,"_links":{"self":[{"href":"https:\/\/edituravirtuala.ro\/editura\/wp-json\/wp\/v2\/pages\/4500","targetHints":{"allow":["GET"]}}],"collection":[{"href":"https:\/\/edituravirtuala.ro\/editura\/wp-json\/wp\/v2\/pages"}],"about":[{"href":"https:\/\/edituravirtuala.ro\/editura\/wp-json\/wp\/v2\/types\/page"}],"author":[{"embeddable":true,"href":"https:\/\/edituravirtuala.ro\/editura\/wp-json\/wp\/v2\/users\/3"}],"replies":[{"embeddable":true,"href":"https:\/\/edituravirtuala.ro\/editura\/wp-json\/wp\/v2\/comments?post=4500"}],"version-history":[{"count":0,"href":"https:\/\/edituravirtuala.ro\/editura\/wp-json\/wp\/v2\/pages\/4500\/revisions"}],"wp:attachment":[{"href":"https:\/\/edituravirtuala.ro\/editura\/wp-json\/wp\/v2\/media?parent=4500"}],"curies":[{"name":"wp","href":"https:\/\/api.w.org\/{rel}","templated":true}]}}