{"id":4499,"date":"2012-01-20T21:30:50","date_gmt":"2012-01-20T18:30:50","guid":{"rendered":"http:\/\/edituraeagle.ro\/?page_id=1083"},"modified":"2012-01-20T21:30:50","modified_gmt":"2012-01-20T18:30:50","slug":"cum-functioneaza-2","status":"publish","type":"page","link":"https:\/\/edituravirtuala.ro\/editura\/cum-functioneaza-2\/","title":{"rendered":"Cum func\u021bioneaz\u0103"},"content":{"rendered":"<div>\n<div>\n<div><a href=\"https:\/\/sites.google.com\/site\/edituravirtuala\/sistemul-de-editare\/wisdom_tree_bookshelf_2.jpg?attredirects=0\"><img loading=\"lazy\" decoding=\"async\" class=\"alignleft\" style=\"border-style: initial; border-color: initial; border-image: initial; border-width: 0px; margin: 15px;\" src=\"https:\/\/sites.google.com\/site\/edituravirtuala\/sistemul-de-editare\/wisdom_tree_bookshelf_2.jpg?height=400&amp;width=290\" alt=\"\" width=\"203\" height=\"280\" border=\"0\" \/><\/a><\/div>\n<\/div>\n<div><strong>Editura Virtual\u0103<\/strong>\u00a0ofer\u0103 servicii complete, inclusiv tip\u0103rirea digital\u0103 sau clasic\u0103 a c\u0103r\u021bii \u0219i distribu\u021bie interna\u021bional\u0103.<\/div>\n<div><\/div>\n<div style=\"text-align: justify;\">\u00cencepe\u021bi colaborarea printr-o discu\u021bie liber\u0103, gratuit\u0103, cu unul dintre consultan\u021bii no\u0219tri \u00een editare. Ve\u021bi fi tratat cu profesionalism \u0219i amabilitate \u0219i v\u0103 vom oferi tot ajutorul de care ave\u021bi nevoie pentru a v\u0103 l\u0103muri asupra procesului de editare.<\/div>\n<div style=\"text-align: justify;\">\n<p><strong>Publicarea cu\/f\u0103r\u0103 ISBN &#8211; calificarea pentru publicare<\/strong><\/p>\n<\/div>\n<div style=\"text-align: justify;\">Pentru a publica o carte, aceasta trebuie s\u0103 fie o carte. Mai precis, trebuie s\u0103 \u00eendeplineasc\u0103 o serie minimal\u0103 de criterii pentru a fi publicat\u0103.<\/div>\n<p style=\"text-align: justify;\">\u00cen principiu, dac\u0103 NU dori\u021bi s\u0103 vinde\u021bi acea carte \u00een libr\u0103rii, ea poate fi pregatit\u0103 \u0219i publicat\u0103 f\u0103r\u0103 restric\u021bii. Sunt multe cazuri \u00een care pute\u021bi opta pentru aceast\u0103 variant\u0103 (un manual intern, o carte de pove\u0219ti pentru copiii sau nepo\u021bii dvs., \u201eromanul\u201d vie\u021bii personale pentru arhiva familiei, etc.).<br \/>\nPentru acest mod de publicare nu vi se va acorda ISBN (cartea nu va intra \u00een fondul Bibliotecii Na\u021bionale), dar trebuie s\u0103 \u0219ti\u021bi c\u0103, \u00een principiu, varianta electronic\u0103 (e-Book) poate fi v\u00e2ndut\u0103 ca orice carte, deoarece legea rom\u00e2n\u0103 o trateaz\u0103 ca pe un serviciu, iar cele mai multe dintre libr\u0103riile online nu solicit\u0103 ISBN pentru versiunea electronic\u0103. Aten\u021bie, \u00eens\u0103, la plagiat, deoarece m\u0103surile \u00eempotriva plagiatelor (mai ales pe pia\u021ba interna\u021bional\u0103) sunt extrem de dure. De asemenea, mare aten\u021bie la subiectele rasiste, xenofobe, sexuale, instigatoare etc.<\/p>\n<p style=\"text-align: justify;\"><span style=\"color: #ff0000;\">IMPORTANT!<\/span> <strong>Editura Virtual\u0103<\/strong> nu distribuie c\u0103r\u021bi neclasificate (f\u0103r\u0103 ISBN).<\/p>\n<p style=\"text-align: justify;\"><strong>Calificarea pentru publicarea cu ISBN<\/strong><\/p>\n<\/div>\n<div style=\"text-align: justify;\">Este necesar s\u0103 ne trimite\u021bi, pentru previzualizare calitativ\u0103, primul \u0219i ultimul capitol sau un fragment din carte (minim 3000 de cuvinte). \u00cen maxim 48 de ore ve\u021bi primi prin e-mail tipul de categorii de servicii pentru care se calific\u0103 proiectului dumneavoastr\u0103.<\/div>\n<div style=\"text-align: justify;\"><\/div>\n<div style=\"text-align: justify;\">Pentru ca un manuscris s\u0103 fie acceptat de c\u0103tre Editura Virtual\u0103 pentru publicarea clasificat\u0103, el trebuie s\u0103 corespund\u0103 unor criterii minimale:<\/div>\n<div style=\"text-align: justify;\">\n<p>&#8211; <strong>F\u0102R\u0102 PLAGIAT!\u00a0<\/strong>Pentru pasajele preluate din alte lucr\u0103ri aflate sub incidenta dreptului de autor, bibliografia trebuie s\u0103 men\u021bioneze sursele respective.<\/p>\n<p>&#8211; <strong>MINIM DE DECEN\u021a\u0102<\/strong><\/p>\n<p>Subiectul poate fi oricare. Nu se admit la publicare texte care instig\u0103 la violen\u021b\u0103 \u0219i ur\u0103 de orice fel, def\u0103imare \u0219i ofens\u0103 adus\u0103 persoanelor sau institu\u021biilor; autorul este singurul care r\u0103spunde de con\u021binutul furnizat \u0219i de implica\u021biile juridice;<br \/>\n&#8211; textul trebuie sa fie corect din punct de vedere al exprim\u0103rii, gramaticii \u0219i ortografiei; sunt acceptate texte cu astfel de gre\u0219eli \u00eentr-o pondere uzual\u0103, care pot fi corectate \u0219i nu pun sub semnul \u00eentreb\u0103rii educa\u021bia de baz\u0103 a autorului;<\/p>\n<p><strong>Editura Virtual\u0103<\/strong> \u00ee\u0219i rezerv\u0103 dreptul de a refuza orice material despre care consider\u0103 c\u0103 este suspect \u00een ceea ce prive\u0219te drepturile de autor sau\u00a0consistenta logic\u0103, pe baza unor criterii proprii.<\/p>\n<p>De asemenea, trebuiesc respectate \u0219i <a href=\"http:\/\/editura-virtuala.ro\/editura\/?page_id=1089\">regulile tehnice<\/a> de trimitere ale unui manuscris.<\/p>\n<p>Dac\u0103 manuscrisul dvs. presupune o rescriere de mai mult de 10%, va trebui s\u0103 urma\u021bi indica\u021biile consultan\u021bilor no\u0219tri sau s\u0103 achizi\u021biona\u021bi suplimentar un \u00a0<a href=\"http:\/\/editura-virtuala.ro\/editura\/servicii-2\/corectura-redactare-si-stilizare\/\">serviciu de redactare<\/a>.<\/p>\n<p><strong>Comanda\u021bi serviciile care vi se potrivesc<\/strong><\/p>\n<\/div>\n<div style=\"text-align: justify;\">\u00cen momentul \u00een care a\u021bi ales s\u0103 comanda\u0163i unul dintre serviciile noastre, merge\u0163i la pagina de comand\u0103 sau de solicitare de cota\u0163ie, completa\u021bi formularul specific \u015fi trimite\u0163i-l. Completa\u0163i c\u00e2t mai multe informa\u0163ii, chiar dac\u0103 sunt op\u0163ionale. Acestea ne vor ajuta s\u0103 evalu\u0103m cum trebuie proiectul \u015fi s\u0103 v\u0103 oferim o cota\u0163ie real\u0103. Citi\u0163i termenii \u015fi condi\u0163iile de utilizare, de regul\u0103 sunt chestiuni generale, dar pute\u0163i g\u0103si \u015fi unele men\u0163iuni specifice.<\/div>\n<div style=\"text-align: justify;\">Dac\u0103 vi se solicit\u0103 s\u0103 trimite\u0163i manuscrisul, asigura\u0163i-v\u0103 c\u0103 ata\u015fa\u0163i manuscrisul \u00een forma lui final\u0103, verific\u00e2nd \u015fi cerin\u0163ele minimale de trimitere ale unui manuscris. \u00cen fiecare categorie de servicii ave\u0163i o leg\u0103tur\u0103 c\u0103tre aceste cerin\u0163e.<\/div>\n<div style=\"text-align: justify;\"><\/div>\n<div style=\"text-align: justify;\">Ve\u0163i fi contactat de c\u0103tre unul dintre consultan\u0163ii no\u015ftri prin modalitatea de contact pe care a\u0163i ales-o \u00een formular. Acesta va evalua \u00een prealabil lucrarea dvs. \u015fi v\u0103 va furniza o cota\u0163ie de pre\u0163 exact\u0103.<\/div>\n<div style=\"text-align: justify;\">\n<p>Dup\u0103 ce a\u0163i primit cota\u0163ia de pre\u0163, dac\u0103 sunte\u0163i mul\u0163umit \u015fi dori\u0163i s\u0103 mergem mai departe, ve\u021bi primi prin e-mail un contract de prest\u0103ri servicii pe care va trebui s\u0103-l semna\u0163i \u015fi s\u0103 ni-l trimite\u0163i scanat pe adresa de e-mail indicat\u0103 \u0219i \u00een original pe adresa po\u0219tal\u0103 pus\u0103 la dispozi\u021bie. De asemenea, ve\u0163i primi \u015fi o factur\u0103 proforma pe care va trebui s\u0103 o achita\u0163i printr-una dintre modalit\u0103\u0163ile pe care le ave\u0163i la dispozi\u0163ie \u00eenainte de a ne trimite contractul. Orice termen de realizare a serviciilor curge din momentul \u00een care ne furniza\u021bi manuscrisul final \u0219i numai dup\u0103 ce a\u021bi efectuat plata convenit\u0103.<\/p>\n<p>Vom \u00eencepe formatarea manuscrisului sau derularea proiectului. \u00cen timpul acestui proces ve\u0163i primi o serie de imagini cu rezultate \u015fi ve\u0163i putea face eventuale sugestii \u015fi ajust\u0103ri rezonabile. Aceste ajust\u0103ri vor fi implementate \u00een proiect.<\/p>\n<p>Fi\u015fierele finale specifice v\u0103 vor fi expediate prin e-mail.<\/p>\n<p>Plata diferen\u021bei serviciilor achizi\u021bionate se vor face \u00eenainte de livrarea produsului final, \u00een situa\u021bia \u00een care exist\u0103 o plat\u0103 defalcat\u0103.<\/p>\n<\/div>\n","protected":false},"excerpt":{"rendered":"<p>Editura Virtual\u0103\u00a0ofer\u0103 servicii complete, inclusiv tip\u0103rirea digital\u0103 sau clasic\u0103 a c\u0103r\u021bii \u0219i distribu\u021bie interna\u021bional\u0103. \u00cencepe\u021bi colaborarea printr-o discu\u021bie liber\u0103, gratuit\u0103, cu unul dintre consultan\u021bii no\u0219tri \u00een editare. Ve\u021bi fi tratat cu profesionalism \u0219i amabilitate \u0219i v\u0103 vom oferi tot ajutorul de care ave\u021bi nevoie pentru a v\u0103 l\u0103muri asupra procesului de editare. Publicarea cu\/f\u0103r\u0103 ISBN<\/p>\n","protected":false},"author":3,"featured_media":0,"parent":0,"menu_order":0,"comment_status":"open","ping_status":"open","template":"","meta":{"footnotes":""},"class_list":["post-4499","page","type-page","status-publish","hentry"],"zion_builder_status":false,"_links":{"self":[{"href":"https:\/\/edituravirtuala.ro\/editura\/wp-json\/wp\/v2\/pages\/4499","targetHints":{"allow":["GET"]}}],"collection":[{"href":"https:\/\/edituravirtuala.ro\/editura\/wp-json\/wp\/v2\/pages"}],"about":[{"href":"https:\/\/edituravirtuala.ro\/editura\/wp-json\/wp\/v2\/types\/page"}],"author":[{"embeddable":true,"href":"https:\/\/edituravirtuala.ro\/editura\/wp-json\/wp\/v2\/users\/3"}],"replies":[{"embeddable":true,"href":"https:\/\/edituravirtuala.ro\/editura\/wp-json\/wp\/v2\/comments?post=4499"}],"version-history":[{"count":0,"href":"https:\/\/edituravirtuala.ro\/editura\/wp-json\/wp\/v2\/pages\/4499\/revisions"}],"wp:attachment":[{"href":"https:\/\/edituravirtuala.ro\/editura\/wp-json\/wp\/v2\/media?parent=4499"}],"curies":[{"name":"wp","href":"https:\/\/api.w.org\/{rel}","templated":true}]}}