{"id":4498,"date":"2012-01-20T21:22:21","date_gmt":"2012-01-20T18:22:21","guid":{"rendered":"http:\/\/edituraeagle.ro\/?page_id=1078"},"modified":"2012-01-20T21:22:21","modified_gmt":"2012-01-20T18:22:21","slug":"editura-virtuala-2","status":"publish","type":"page","link":"https:\/\/edituravirtuala.ro\/editura\/editura-virtuala-2\/","title":{"rendered":"Editura virtual\u0103"},"content":{"rendered":"<p style=\"text-align: justify;\"><strong>Editura Virtual\u0103<\/strong> a fost creat\u0103 de c\u0103tre profesioni\u0219tii literelor pentru profesioni\u0219tii literelor. Prin focalizarea pe necesit\u0103\u021bile scriitorilor \u0219i arti\u0219tilor precum \u0219i baz\u00e2ndu-ne pe noile tehnologii \u0219i sisteme de editare, furniz\u0103m scriitorilor servicii complete \u0219i profesioniste de editare.<\/p>\n<p style=\"text-align: justify;\">Indiferent care este genul c\u0103r\u021bii, aceasta va beneficia de cele mai bune servicii de editare \u0219i se va putea transforma \u00een scurt timp \u00een carte digital\u0103 sau tip\u0103rit\u0103. Echipa noastr\u0103 de profesioni\u0219ti este disponibil\u0103 \u00een toate etapele de editare pentru ghidare \u0219i explicarea procesului de Editare Personalizat\u0103.<\/p>\n<p>&nbsp;<\/p>\n<p style=\"text-align: left;\"><strong><span style=\"color: #990000;\">Este Editura Virtual\u0103 o editur\u0103?<\/span><\/strong><\/p>\n<p style=\"text-align: justify;\">Da, <strong>Editura Virtual\u0103<\/strong> este o editur\u0103, dar \u00een acela\u0219i timp nu este o editur\u0103 tradi\u021bional\u0103, este \u0219i un furnizor de servicii editoriale. Editurile tradi\u021bionale selecteaz\u0103 c\u0103r\u021bile pe baza poten\u021bialului de v\u00e2nzare a manuscrisului. Dac\u0103 aleg un manuscris, atunci preiau \u0219i drepturile de difuzare ale c\u0103r\u021bii. Editura Virtual\u0103 nu preia drepturile de autor ci doar ofer\u0103 autorilor posibilitatea de a deveni propriii lor editori \u00een cel mai eficient mod posibil.<\/p>\n<p style=\"text-align: justify;\">Un furnizor de servicii de editare v\u0103 permite s\u0103 v\u0103 publica\u021bi c\u0103r\u021bile, furniz\u00e2ndu-v\u0103 suportul \u0219i infrastructura necesare pentru \u00eendeplinirea acestui obiectiv, ac\u021bion\u00e2nd cu \u00eentreaga echip\u0103 pentru a preg\u0103ti \u00een cele mai bune condi\u021bii un produs numit carte. Furniz\u0103m, \u00een aceea\u0219i m\u0103sur\u0103, suport editorial, de marketing \u0219i distribu\u021bie na\u021bional\u0103 \u0219i interna\u021bional\u0103.<\/p>\n<p>&nbsp;<\/p>\n<p style=\"text-align: left;\"><strong><span style=\"color: #990000;\">Este aceast\u0103 metod\u0103 de publicare lipsit\u0103 de valoare?<\/span><\/strong><\/p>\n<p style=\"text-align: justify;\">Cu siguran\u021b\u0103 nu. \u0218i cu siguran\u021b\u0103 este diferit de ceea ce se practic\u0103 pe pia\u021ba de carte din Romania. Cartea dvs. poate fi prezent\u0103 la v\u00e2nzare (\u00een format print sau digital) f\u0103r\u0103 costurile pe care vi le cere un editor clasic, oferindu-v\u0103 s\u0103 v\u0103 tip\u0103reasc\u0103 un tiraj minimal pe care nu poate sau nu are nici un interes s\u0103-l v\u00e2nd\u0103, \u00een condi\u021biile \u00een care dumneavoastr\u0103 a\u021bi investit deja banii \u0219i nu \u0219ti\u021bi dac\u0103 vi-i ve\u021bi recupera vreodat\u0103.<\/p>\n<p style=\"text-align: justify;\">\u00cen situa\u0163ia \u00een care cartea dvs. va ap\u0103rea \u00een format tipografic pe teritoriul rom\u00e2niei, singurele exemplare tip\u0103rite pe care <strong>Editura Virtual\u0103<\/strong> le solicit\u0103 obligatoriu sunt cele ce constituie depozitul legal al Bibliotecii Na\u021bionale \u0219i care este reglementat. \u00cen acela\u0219i timp, faptul c\u0103 titlul (titlurile) dvs. se vor reg\u0103si \u00een Bibliotecile cele mai importante din Rom\u00e2nia reprezint\u0103 un pas important \u00een cariera dvs. de scriitor.<\/p>\n<p style=\"text-align: justify;\">Aceast\u0103 solicitare nu este prev\u0103zut\u0103 pentru editarea c\u0103r\u021bilor \u00een format electronic, deoarece legea rom\u00e2n\u0103 le consider\u0103 servicii.<\/p>\n<p style=\"text-align: justify;\"><strong><span style=\"color: #990000;\">Ce NU este Editura Virtual\u0103?<\/span><\/strong><\/p>\n<p style=\"text-align: justify;\">&#8211; Editura Virtual\u0103 NU este o tipografie. Editura Virtual\u0103 prelucreaz\u0103, de regul\u0103, manuscrise \u00een forma lor original\u0103, pentru a le aduce la o calitate superioar\u0103. Dac\u0103 ave\u0163i deja preg\u0103tite fi\u015fierele pentru tipar, atunci c\u0103uta\u0163i serviciile unei tipografii. De cele mai multe ori, acestea v\u0103 pot oferi ISBN \u015fi descriere CIP pentru tiraje minimale.<\/p>\n<p style=\"text-align: justify;\">&#8211; Editura Virtual\u0103 NU ofer\u0103 \u00een mod curent servicii de <a href=\"http:\/\/publishing.about.com\/od\/SelfPublishingAndVanityPresses\/a\/Vanity-Presses-And-Self-Publishing-Ways-To-Publish-Your-Own-Book.htm\">Vanity Publishing<\/a>. De\u015fi, \u00een mod excep\u0163ional, primim asemenea comenzi, nu asigur\u0103m ISBN \u015fi distribu\u0163ie pentru aceste materiale. G\u0103si\u0163i astfel de platforme at\u00e2t interna\u0163ional (Createspace.com este, poate, cel mai cunoscut pentru formatul tip\u0103rit, iar Smashwords.com pentru cel digital), c\u00e2t \u015fi \u00een Rom\u00e2nia. Domeniul nostru principal de activitate c\u0103tre care ne \u00eendrept\u0103m aten\u0163ia este cel de Quality Self-Publishing, asimilat cu termenul Indie Publishing. <strong>Editura Personal\u0103<\/strong>, am denumit-o noi. Oferim servicii editoriale premerg\u0103toare utiliz\u0103rii platformelor men\u0163ionate anterior.<\/p>\n<p style=\"text-align: justify;\">&#8211; Editura Virtual\u0103 NU este o cl\u0103dire. De\u015fi, conform legii, firma noastr\u0103 are sediu social, principalul mod de a colabora cu autorii este prin intermediul platformei virtuale, prin skype sau telefon. Sistemul nostru se bazeaz\u0103 pe \u00eencredere, pe contracte corecte \u015fi pe promptitudinea \u00een r\u0103spunsurile pe care le primi\u0163i (micile \u00eent\u00e2rzieri la acestea din urm\u0103, rare \u015fi, de regul\u0103, justificate, confirm\u0103 regula).<\/p>\n<p style=\"text-align: justify;\">&#8211; Editura Virtual\u0103 NU este un paratr\u0103znet pentru frustr\u0103ri literare.<br \/>\n\u0162ine\u0163i cont de faptul c\u0103 \u00een spatele acestei platforme lucreaz\u0103 oameni. Nu folosim serviciile unei companii de Client Service, care s\u0103 fie instruit\u0103 s\u0103 v\u0103 dea r\u0103spunsuri \u015fablon. De regul\u0103, principiul nostru este de a lucra direct cu clien\u0163ii, de a le identifica nevoile, de a le explica detaliat fiecare pas, de a rezolva orice problem\u0103 ivit\u0103. Declara\u0163iile celor care au lucrat cu noi stau m\u0103rturie (declara\u0163iile sunt reale, ca \u015fi autorii care le-au f\u0103cut). Nu abuza\u0163i de acest lucru. Ne rezerv\u0103m dreptul de a ne alege clien\u0163ii!<\/p>\n","protected":false},"excerpt":{"rendered":"<p>Editura Virtual\u0103 a fost creat\u0103 de c\u0103tre profesioni\u0219tii literelor pentru profesioni\u0219tii literelor. Prin focalizarea pe necesit\u0103\u021bile scriitorilor \u0219i arti\u0219tilor precum \u0219i baz\u00e2ndu-ne pe noile tehnologii \u0219i sisteme de editare, furniz\u0103m scriitorilor servicii complete \u0219i profesioniste de editare. Indiferent care este genul c\u0103r\u021bii, aceasta va beneficia de cele mai bune servicii de editare \u0219i se va<\/p>\n","protected":false},"author":3,"featured_media":0,"parent":0,"menu_order":0,"comment_status":"open","ping_status":"open","template":"","meta":{"footnotes":""},"class_list":["post-4498","page","type-page","status-publish","hentry"],"zion_builder_status":false,"_links":{"self":[{"href":"https:\/\/edituravirtuala.ro\/editura\/wp-json\/wp\/v2\/pages\/4498","targetHints":{"allow":["GET"]}}],"collection":[{"href":"https:\/\/edituravirtuala.ro\/editura\/wp-json\/wp\/v2\/pages"}],"about":[{"href":"https:\/\/edituravirtuala.ro\/editura\/wp-json\/wp\/v2\/types\/page"}],"author":[{"embeddable":true,"href":"https:\/\/edituravirtuala.ro\/editura\/wp-json\/wp\/v2\/users\/3"}],"replies":[{"embeddable":true,"href":"https:\/\/edituravirtuala.ro\/editura\/wp-json\/wp\/v2\/comments?post=4498"}],"version-history":[{"count":0,"href":"https:\/\/edituravirtuala.ro\/editura\/wp-json\/wp\/v2\/pages\/4498\/revisions"}],"wp:attachment":[{"href":"https:\/\/edituravirtuala.ro\/editura\/wp-json\/wp\/v2\/media?parent=4498"}],"curies":[{"name":"wp","href":"https:\/\/api.w.org\/{rel}","templated":true}]}}