{"id":4163,"date":"2013-11-12T20:20:03","date_gmt":"2013-11-12T20:20:03","guid":{"rendered":"http:\/\/editura-virtuala.ro\/editura\/?page_id=4163"},"modified":"2019-02-27T14:10:42","modified_gmt":"2019-02-27T14:10:42","slug":"termeni-si-conditii-specifice-analiza-literara-editare","status":"publish","type":"page","link":"https:\/\/edituravirtuala.ro\/editura\/termeni-si-conditii-specifice-analiza-literara-editare\/","title":{"rendered":"Termeni \u0219i condi\u021bii pentru analiza SWOT \/ literar\u0103 \u0219i editare"},"content":{"rendered":"<table>\n<tbody>\n<tr>\n<td>\n<p style=\"text-align: justify;\">Analiza literar\u0103 pe care o oferim clien\u0163ilor no\u015ftri este realizat\u0103 de consultan\u0163i literari, speciali\u015fti cu foarte mare experien\u0163\u0103 pe pia\u0163a literar\u0103, \u00een marile edituri, presa literar\u0103 \u015fi alte medii literare. Analizele se bazeaz\u0103 strict pe materialul pe care ni-l trimite\u0163i, el fiind depersonalizat \u00eenainte s\u0103 plece c\u0103tre consultan\u0163i. \u00cen acest fel, se evit\u0103 interpret\u0103rile din considerente personale. Consultantul este un prieten al autorului, capabil \u00een acela\u015fi timp de o evaluare sincer\u0103. Consultantul este pl\u0103tit ca s\u0103 ofere o analiz\u0103 la rece, o critic\u0103 constructiv\u0103 \u015fi solu\u0163ii. De\u015fi va puncta elementele forte ale manuscrisului dvs., analiza se va axa pe p\u0103r\u0163ile mai pu\u0163in solide ale acestuia, cu inten\u0163ia de a-i aduce \u00eembun\u0103t\u0103\u0163iri.<\/p>\n<p style=\"text-align: justify;\">Pentru a comanda serviciul de analiz\u0103 literar\u0103, este necesar s\u0103 fi\u0163i de acord \u00een mod expres cu urm\u0103toarele:<\/p>\n<p style=\"text-align: justify;\"><strong>1. Serviciul este oferit \u00een termeni de bun\u0103 credin\u0163\u0103, a\u015fa cum este \u015fi reprezint\u0103 o reac\u0163ie profesional\u0103 (feed-back) la un produs literar.<\/strong><\/p>\n<p style=\"text-align: justify;\">Opiniile consultantului sunt proprii acestuia \u015fi se bazeaz\u0103 pe cuno\u015ftin\u0163e de specialitate dob\u00e2ndite \u015fi pe experien\u0163a vast\u0103 \u00een domeniu.&nbsp;Remarcile din analiza primit\u0103 reprezint\u0103 punctul de vedere al consultantului \u015fi nu cel al editurii. Acestea nu sunt cu adres\u0103 personal\u0103 \u015fi nu trebuie s\u0103 fie luate \u00een nume personal, ci strict la adresa textului, a\u015fa cum au fost g\u00e2ndite s\u0103 fie. Pentru laude \u015fi aprecieri preponderent pozitive, este bine s\u0103 apela\u0163i la prieteni \u015fi rude.<\/p>\n<p style=\"text-align: justify;\"><strong>Aceste opinii nu pot constitui obiectul unei ac\u0163iuni juridice \u00eendreptate \u00eempotriva Editurii Virtuale sau a consultan\u0163ilor no\u015ftri.<\/strong><\/p>\n<p style=\"text-align: justify;\"><strong>2. Decizia asupra modific\u0103rilor v\u0103 apar\u0163ine \u00een totalitate.<\/strong><\/p>\n<p style=\"text-align: justify;\">\u00cen urma furniz\u0103rii analizei literare extinse sau a notelor de editare, dvs. ca autor ar trebui s\u0103 modifica\u0163i \u015fi s\u0103 adapta\u0163i manuscrisul \u00een acord cu indica\u0163iile sugerate. &nbsp;Dac\u0103 nu sunte\u0163i de acord cu acestea, pute\u0163i trece cu vederea sugestiile f\u0103cute. Totu\u015fi, pentru a fi c\u00e2t mai aproape de un text literar complet, v\u0103 suger\u0103m s\u0103 implementa\u0163i toate modific\u0103rile sugerate de c\u0103tre consultan\u0163ii no\u015ftri conform indica\u0163iilor primite ori s\u0103 v\u0103 argumenta\u0163i dvs. \u00een\u015fiv\u0103 motivele pentru care nu dori\u0163i s\u0103 implementa\u0163i aceste modific\u0103ri.<\/p>\n<p style=\"text-align: justify;\"><strong>3. Rambursarea serviciului nu este o op\u0163iune.<\/strong><\/p>\n<p style=\"text-align: justify;\">Dac\u0103 a\u0163i hot\u0103r\u00e2t c\u0103 ave\u0163i nevoie de o opinie profesional\u0103 asupra manuscrisului dvs., trebuie s\u0103 \u015fti\u0163i c\u0103 aceast\u0103 opinie se ob\u0163ine cu o munc\u0103 sus\u0163inut\u0103 \u015fi atent\u0103 din partea unui om care va citi \u015fi va analiza dedicat acel manuscris. Aceast\u0103 munc\u0103 de analiz\u0103 exist\u0103 indiferent dac\u0103 manuscrisul este genial sau mai pu\u0163in reu\u015fit \u015fi va genera o opinie personalizat\u0103 \u015fi un referat scris la adresa acestuia. Din aceast\u0103 cauz\u0103, serviciul nu este rambursabil.<\/p>\n<p style=\"text-align: justify;\">\u00cen rare situa\u0163ii, dac\u0103 manuscrisul este complet neliterar, v\u0103dit ofensator, pornografic sau greu lizibil (ilogic) &#8211; \u00een concluzie: nepublicabil chiar \u015fi cu o consultan\u0163\u0103 extins\u0103, se va rambursa contravaloarea serviciului \u015fi nu vi se va oferi nici o opinie scris\u0103. Aceste situa\u0163ii sunt cele pe care ni le asum\u0103m.<\/p>\n<p style=\"text-align: justify;\"><strong>4. Servicii ulterioare<\/strong><\/p>\n<p style=\"text-align: justify;\">Analiza literar\u0103 este parte dintr-un proces mai amplu. Astfel, o analiz\u0103 literar\u0103 extins\u0103 este parte din procesul de editare, c\u00e2nd manuscrisul este &#8220;a\u015fezat&#8221; pe f\u0103ga\u015ful literar normal. O analiz\u0103 de tip SWOT este o evaluare a muncii de editare, dar \u015fi de redactare. Pe baza lor nu se pot identifica TOATE problemele unui manuscris, ci doar cele esen\u0163iale. Dup\u0103 \u00eencheierea unei astfel de munci, imaginea asupra ansamblului este mai clar\u0103. \u00cen fiecare analiz\u0103 vi se vor sugera, la final, serviciile de care are nevoie manuscrisul, de care pute\u0163i sau nu s\u0103 \u0163ine\u0163i cont.<\/p>\n<\/td>\n<\/tr>\n<\/tbody>\n<\/table>\n","protected":false},"excerpt":{"rendered":"<p>Analiza literar\u0103 pe care o oferim clien\u0163ilor no\u015ftri este realizat\u0103 de consultan\u0163i literari, speciali\u015fti cu foarte mare experien\u0163\u0103 pe pia\u0163a literar\u0103, \u00een marile edituri, presa literar\u0103 \u015fi alte medii literare. Analizele se bazeaz\u0103 strict pe materialul pe care ni-l trimite\u0163i, el fiind depersonalizat \u00eenainte s\u0103 plece c\u0103tre consultan\u0163i. \u00cen acest fel, se evit\u0103 interpret\u0103rile din<\/p>\n","protected":false},"author":2,"featured_media":0,"parent":0,"menu_order":0,"comment_status":"closed","ping_status":"closed","template":"","meta":{"footnotes":""},"class_list":["post-4163","page","type-page","status-publish","hentry"],"zion_builder_status":false,"_links":{"self":[{"href":"https:\/\/edituravirtuala.ro\/editura\/wp-json\/wp\/v2\/pages\/4163","targetHints":{"allow":["GET"]}}],"collection":[{"href":"https:\/\/edituravirtuala.ro\/editura\/wp-json\/wp\/v2\/pages"}],"about":[{"href":"https:\/\/edituravirtuala.ro\/editura\/wp-json\/wp\/v2\/types\/page"}],"author":[{"embeddable":true,"href":"https:\/\/edituravirtuala.ro\/editura\/wp-json\/wp\/v2\/users\/2"}],"replies":[{"embeddable":true,"href":"https:\/\/edituravirtuala.ro\/editura\/wp-json\/wp\/v2\/comments?post=4163"}],"version-history":[{"count":0,"href":"https:\/\/edituravirtuala.ro\/editura\/wp-json\/wp\/v2\/pages\/4163\/revisions"}],"wp:attachment":[{"href":"https:\/\/edituravirtuala.ro\/editura\/wp-json\/wp\/v2\/media?parent=4163"}],"curies":[{"name":"wp","href":"https:\/\/api.w.org\/{rel}","templated":true}]}}