{"id":3462,"date":"2013-04-28T20:05:51","date_gmt":"2013-04-28T20:05:51","guid":{"rendered":"http:\/\/editura-virtuala.ro\/editura\/?page_id=3462"},"modified":"2019-02-13T16:04:03","modified_gmt":"2019-02-13T16:04:03","slug":"instructiuni-de-trimitere-a-manuscrisului-pentru-tehnoredactare","status":"publish","type":"page","link":"https:\/\/edituravirtuala.ro\/editura\/instructiuni-de-trimitere-a-manuscrisului-pentru-tehnoredactare\/","title":{"rendered":"Instruc\u0163iuni de trimitere a manuscrisului pentru tehnoredactare &#8211; contract"},"content":{"rendered":"<p style=\"text-align: justify;\" align=\"center\"><strong>Editura Virtual\u0103 &#8211; Instruc\u021biuni de trimitere a manuscrisului pentru tehnoredactare<\/strong><\/p>\n<p style=\"text-align: justify;\" align=\"center\">Acestea sunt sugestii \u015fi recomand\u0103ri pentru a fluidiza procesul de produc\u0163ie \u015fi a men\u0163ine bugetul dvs. \u00een limite acceptabile.<\/p>\n<p style=\"text-align: center;\"><span style=\"color: #003300;\"><strong>Dactilografiere pentru textul \u00een limba rom\u00e2n\u0103<\/strong><\/span><\/p>\n<p style=\"text-align: center;\"><span style=\"color: #003300;\">&#8211; reguli generale pentru confortul cititorilor dumneavoastr\u0103 &#8211;<\/span><\/p>\n<ul>\n<li><strong>Insera\u021bi diacriticele.<\/strong>\u00a0Multe cuvinte \u00ee\u0219i schimb\u0103 sensul dac\u0103 sunt scrise f\u0103r\u0103 diacritice \u0219i pot schimba chiar \u0219i sensul propozi\u021biei sau frazei din care fac parte. Creierul \u201eghice\u0219te\u201d, de regul\u0103, sensul corect, dar este dificil de citit un text f\u0103r\u0103 diacritice. Selecta\u0163i \u00een procesorul dvs. de text, dac\u0103 este posibil, limba rom\u00e2n\u0103 atunci c\u00e2nd scrie\u0163i.<\/li>\n<li><strong>Virgula se pune imediat dup\u0103 cuv\u00e2nt.<\/strong>\u00a0Nu insera\u021bi spa\u021biu \u00eenainte de virgul\u0103 \u0219i, \u00een general, NU\u00a0insera\u021bi spa\u021biu \u00eenainte de semnele de punctua\u021bie: unele texte se formateaz\u0103 la lectur\u0103 \u0219i opera\u021biunea \u201eJustify\u201d dep\u0103rteaz\u0103, de regul\u0103, cuvintele \u00eentre ele. Astfel, virgula ori alt semn de punctua\u021bie r\u0103m\u00e2n singulare \u0219i \u00eempiedic\u0103 o lectur\u0103 coerent\u0103.<\/li>\n<li><strong>Insera\u021bi spa\u021biu dup\u0103 virgul\u0103<\/strong>, ca de altfel dup\u0103 orice alt semn de punctua\u021bie. Nu-l (o) lega\u021bi de cuv\u00e2ntul urm\u0103tor din acelea\u0219i considerente ca mai sus.<\/li>\n<li><strong>Insera\u0163i spa\u0163iu dup\u0103 linia de dialog<\/strong>.<\/li>\n<li><strong>Nu scrie\u021bi prescurtat.<\/strong>\u00a0Un manuscris literar nu este o noti\u021b\u0103 de blog \u0219i nici un curs \u0219colar. Prescurt\u0103rile pot \u00eempiedica \u00een\u021belegerea unui text.<\/li>\n<li><strong>Nu scrie\u021bi manuscrisul cu MAJUSCULE:\u00a0<\/strong>manuscrisul nu trebuie s\u0103 fie scris cu majuscule pentru c\u0103 ne va \u00eempiedica s\u0103 lectur\u0103m\/proces\u0103m textul.<\/li>\n<li><strong>Nu folosi\u021bi text subliniat.<\/strong>\u00a0Acolo unde este posibil, \u00eenlocui\u021bi textul subliniat cu italice.<\/li>\n<\/ul>\n<p style=\"text-align: justify;\"><strong>Pasul 1 \u2013 Verifica\u021bi-v\u0103 manuscrisul<\/strong><\/p>\n<p style=\"text-align: justify;\">Asigura\u021bi-v\u0103 c\u0103 manuscrisul dvs. \u00eendepline\u0219te cerin\u021bele de publicare ale Editurii Virtuale \u0219i citi\u021bi aceste instruc\u021biuni precum \u015fi regulile generale pentru confortul cititorilor dvs.\u00a0de mai sus. Dac\u0103 dori\u0163i un ISBN din partea editurii, atunci considera\u0163i aceste sugestii ca parte din procesul de \u00eembun\u0103t\u0103\u0163ire a calit\u0103\u0163ii manuscrisului.<\/p>\n<p style=\"text-align: justify;\">Asigura\u021bi-v\u0103 c\u0103 a\u021bi verificat \u00een \u00eentregime textul, c\u0103 este corectat \u0219i nu mai ave\u021bi modific\u0103ri sau ad\u0103ugiri de f\u0103cut.<\/p>\n<p style=\"text-align: justify;\">Dac\u0103 trimite\u021bi un manuscris incorect formatat, acest lucru ar putea s\u0103 \u00eengreuneze procesul de produc\u021bie al c\u0103r\u021bii. Asigura\u021bi-v\u0103 c\u0103 a\u021bi citit toate\u00a0<strong><em><a href=\"http:\/\/edituravirtuala.ro\/editura\/instructiuni-de-formatare-a-manuscriselor\/\">Instruc\u021biunile de formatare<\/a><\/em><\/strong>\u00a0\u00eenainte de a trimite manuscrisul. Dac\u0103 ave\u021bi \u00eentreb\u0103ri, v\u0103 rug\u0103m s\u0103 le formula\u021bi prin e-mail, la adresa: redactia@editura-virtuala.ro sau s\u0103 ne apela\u021bi telefonic.<\/p>\n<p style=\"text-align: justify;\">Celelalte date de contact oficiale sunt: prin telefon la 0769 511 564. Dac\u0103 nu exist\u0103 \u00een mod expres materiale fizice necesare realiz\u0103rii lucr\u0103rii (fotografii, c\u0103r\u0163i fizice, alte documente), manuscrisul \u0219i celelalte materiale de tip text \u0219i imagine vor fi trimise numai prin e-mail, la adresa manuscrise@editura-virtuala.ro<\/p>\n<p style=\"text-align: justify;\"><strong>Pasul 2 \u2013 Preg\u0103ti\u021bi manuscrisul<\/strong><\/p>\n<p style=\"text-align: justify;\">V\u0103 rug\u0103m s\u0103 aduna\u021bi tot con\u021binutul c\u0103r\u021bii \u00eentr-un singur fi\u0219ier text, de preferat sub Microsoft Word sau Open Office. Dac\u0103 folosi\u021bi alt procesor de text, salva\u021bi-l \u00een format .rtf (Rich Text Format).<\/p>\n<p style=\"text-align: justify;\">Dac\u0103 inten\u021biona\u021bi trimiterea manuscrisului prin e-mail, crea\u021bi un folder cu denumirea lucr\u0103rii \u0219i salva\u021bi toate documentele pe care le crea\u021bi pentru carte \u00een el.<\/p>\n<p style=\"text-align: justify;\">Dac\u0103 trimite\u021bi manuscrisul prin po\u0219t\u0103, v\u0103 rug\u0103m s\u0103 folosi\u021bi un CD-ROM sau DVD-ROM preformatat pentru Windows, protejat de o carcas\u0103 de plastic sau un stick de memorie. Eticheta\u021bi carcasa discului sau stick-ul cu o etichet\u0103 autocolant\u0103 pe care s\u0103 trece\u021bi numele dvs., un num\u0103r de telefon \u0219i titlul c\u0103r\u021bii. Folosi\u021bi pentru expediere un plic anti\u0219oc, pentru a fi sigur c\u0103 va ajunge \u00een condi\u021bii bune la destina\u021bie. ATEN\u021aIE! P\u0103stra\u021bi o copie integral\u0103 a manuscrisului dvs.<\/p>\n<p style=\"text-align: justify;\"><strong><a id=\"suplimentar\"><\/a>Pasul 3 \u2013 Crea\u021bi documentele suplimentare pentru cartea dvs.<\/strong><\/p>\n<p style=\"text-align: justify;\">Scrie\u021bi urm\u0103toarele documente suplimentare folosind procesatorul dvs. de text \u0219i salva\u021bi-le \u00eentr-un (UNUL SINGUR!) fi\u0219ier separat de cel al c\u0103r\u021bii. Denumi\u021bi-l, eventual,\u00a0<strong><em>informa\u021bii suplimentare<\/em><\/strong>. Salva\u021bi apoi acest fi\u0219ier \u0219i \u00een folderul c\u0103r\u021bii special creat. Copia\u021bi acest fi\u0219ier pe acela\u0219i disc pe care a\u021bi copiat manuscrisul, dac\u0103 inten\u021biona\u021bi trimiterea prin po\u0219t\u0103. ATEN\u021aIE! Copierea pe disc se face o singur\u0103 dat\u0103 pentru toate fi\u0219ierele create, la final.<\/p>\n<p style=\"text-align: justify;\"><strong>a)\u00a0\u00a0\u00a0\u00a0\u00a0\u00a0\u00a0\u00a0<\/strong><strong>Scurt\u0103 autobiografie a autorului &#8211;\u00a0necesar<\/strong><\/p>\n<p style=\"text-align: justify;\">Maxim 200 de cuvinte. O scurt\u0103 autobiografie care va ap\u0103rea pe website-ul editurii.<\/p>\n<p style=\"text-align: justify;\"><strong>b)\u00a0\u00a0\u00a0\u00a0\u00a0\u00a0\u00a0<\/strong><strong>Autobiografia autorului &#8211;\u00a0recomandat\u0103<\/strong><\/p>\n<p style=\"text-align: justify;\">Maxim 1800 de cuvinte. O descriere mai lung\u0103 despre dumneavoastr\u0103 sau un mesaj c\u0103tre cititori. Acest text va ap\u0103rea pe pagina dvs. de prezentare de pe website-ul Editurii Virtuale.<\/p>\n<p style=\"text-align: justify;\"><strong>c)\u00a0\u00a0\u00a0\u00a0\u00a0\u00a0\u00a0\u00a0<\/strong><strong>Dedica\u021bie sau mul\u021bumiri &#8211;\u00a0recomandat<\/strong><\/p>\n<p style=\"text-align: justify;\">Maxim 100 de cuvinte. Va ap\u0103rea la \u00eenceputul c\u0103r\u021bii.<\/p>\n<p style=\"text-align: justify;\"><strong>d)\u00a0\u00a0\u00a0\u00a0\u00a0\u00a0\u00a0<\/strong><strong>Prezentare scurt\u0103 a c\u0103r\u021bii &#8211;\u00a0necesar<\/strong><\/p>\n<p style=\"text-align: justify;\">Maxim 150 de cuvinte \u00eentr-un singur paragraf. O descriere scurt\u0103, incitant\u0103, care va \u00eenso\u021bi listarea c\u0103r\u021bii pe website. Dac\u0103 considera\u021bi necesar, \u00eenlocui\u021bi aceast\u0103 prezentare cu un scurt fragment sugestiv din carte. Dac\u0103 dispune\u021bi de o recenzie a c\u0103r\u021bii, un fragment elocvent din aceasta este binevenit.<\/p>\n<p style=\"text-align: justify;\"><strong>e)\u00a0\u00a0\u00a0\u00a0\u00a0\u00a0\u00a0<\/strong><strong>Descrierea c\u0103r\u021bii (sinopsis) &#8211;\u00a0recomandat<\/strong><\/p>\n<p style=\"text-align: justify;\">Maxim 3000 de cuvinte. Este o descriere mai lung\u0103 a c\u0103r\u021bii (sinopsis &#8211; rezumatul concentrat al subiectului), care va fi publicat\u0103 pe pagina de prezentare a c\u0103r\u021bii de pe website-ul Editurii Virtuale.<\/p>\n<p style=\"text-align: justify;\"><strong>f)\u00a0\u00a0\u00a0\u00a0\u00a0\u00a0\u00a0\u00a0\u00a0<\/strong><strong>Cuv\u00e2nt \u00eenainte &#8211;\u00a0recomandat<\/strong><\/p>\n<p style=\"text-align: justify;\">Un text favorabil despre cartea dvs., scris de regul\u0103 de altcineva, \u00een care se ofer\u0103 motivele pentru care cineva ar trebui s\u0103 citeasc\u0103 lucrarea scris\u0103 de c\u0103tre dvs. Aten\u021bie, prefa\u021ba n-ar trebui s\u0103 ofere informa\u021bii detaliate despre subiect (vede\u021bi \u0219i articolul\u00a0<em><a href=\"http:\/\/edituravirtuala.ro\/editura\/elemente-de-succes-pentru-debut-un-cuvant-inainte-favorabil-si-citate-optimiste-pentru-coperta-iv\/\">Elemente de succes pentru un debut fulminant<\/a><\/em>).<\/p>\n<p style=\"text-align: justify;\"><strong>g)\u00a0\u00a0\u00a0\u00a0\u00a0\u00a0\u00a0\u00a0<\/strong><strong>Puncte de vedere &#8211;\u00a0recomandat<\/strong><\/p>\n<p style=\"text-align: justify;\">La finalizarea c\u0103r\u021bii dvs. ve\u021bi dori s\u0103 ave\u021bi \u0219i unele opinii despre ea de la diver\u0219i lectori, eventual unele de calitate (2-3 propozi\u021bii). P\u0103rerile trebuie s\u0103 fie scurte, aprobatoare, pozitive \u0219i pot fi utilizate at\u00e2t \u00een interiorul c\u0103r\u0163ii c\u00e2t \u015fi pe coperta I sau IV (vede\u021bi \u0219i articolul\u00a0<em><a href=\"http:\/\/edituravirtuala.ro\/editura\/elemente-de-succes-pentru-debut-un-cuvant-inainte-favorabil-si-citate-optimiste-pentru-coperta-iv\/\">Elemente de succes pentru un debut fulminant<\/a><\/em>).<\/p>\n<p style=\"text-align: justify;\"><strong>Pasul 4 \u2013 Preg\u0103ti\u021bi imaginile<\/strong><\/p>\n<p style=\"text-align: justify;\">Preg\u0103ti\u021bi imaginile de interior. \u021aine\u021bi cont de faptul c\u0103 trebuie s\u0103 ave\u021bi drept de utilizare pentru acele imagini. Dac\u0103 imaginile nu v\u0103 apar\u021bin, ata\u0219a\u021bi dovada de achizi\u021bie (copie), acceptul autorului (original semnat), dovada testamentar\u0103 (copie) sau indica\u021bia faptului c\u0103 sunt \u00een domeniul public. Re\u021bine\u021bi faptul c\u0103, \u00een Rom\u00e2nia, drepturile de autor expir\u0103 dup\u0103 70 de ani de la decesul autorului.<\/p>\n<p style=\"text-align: justify;\">Dac\u0103 ave\u021bi materiale fizice (desene, picturi, fotografii), scana\u021bi-le la o rezolu\u021bie de minim 300 dpi \u0219i salva\u021bi-le \u00een format TIFF sau JPEG, la m\u0103rime original\u0103. Salva\u021bi fiecare imagine individual, denumi\u021bi-le specific \u0219i ad\u0103uga\u021bi-le \u00een folderul creat pentru lucrarea dvs. Dac\u0103 inten\u021biona\u021bi s\u0103 le trimite\u021bi prin po\u0219t\u0103, salva\u021bi-le pe disc sau pe stick al\u0103turi de celelalte documente, \u00eentr-un folder separat denumit \u00abimagini\u00bb. TOATE imaginile primite de la dvs. trebuie s\u0103 \u00eendeplineasc\u0103 condi\u021bia rezolu\u021biei de minim 300 dpi.<\/p>\n<p style=\"text-align: justify;\">V\u0103 rug\u0103m S\u0102 NU INSERA\u021aI imaginile direct \u00een documentul manuscrisului sau \u00een alt document creat cu procesatorul de text. Indica\u021bi direct \u00een textul manuscrisului locul unde va fi amplasat\u0103 imaginea (de exemplu: \u00abinsera\u021bi imaginea 1 aici\u00bb).<\/p>\n<p style=\"text-align: justify;\">Trimite\u0163i \u015fi fotografia autorului \u2013 pentru inserare pe pagina de prezentare.<\/p>\n<p style=\"text-align: justify;\"><strong>Pasul 5 \u2013 Men\u021biona\u021bi sugestiile de realizare a lucr\u0103rii<\/strong><\/p>\n<p style=\"text-align: justify;\">Ca parte a procesului de produc\u021bie, v\u0103 rug\u0103m s\u0103 men\u021biona\u021bi c\u00e2t mai limpede cu putin\u021b\u0103 indica\u021bii despre cum a\u021bi dori s\u0103 arate cartea sau dac\u0103 ave\u021bi men\u021biuni speciale. Vom face tot posibilul s\u0103 includem toate sugestiile f\u0103cute. Acolo unde nu este posibil, v\u0103 vom argumenta acest lucru \u0219i v\u0103 vom sugera alte abord\u0103ri.<\/p>\n<p style=\"text-align: justify;\"><strong>Pasul 6 \u2013 \u00cencerca\u021bi c\u00e2teva sugestii vizuale<\/strong><\/p>\n<p style=\"text-align: justify;\">Ne pute\u021bi furniza c\u00e2teva schi\u0163e ale modului cum a\u021bi dori s\u0103 arate lucrarea dvs. a\u0219a cum v-o imagina\u021bi. Designerii no\u0219tri sunt deschi\u0219i la ideile dvs. Nu conteaz\u0103 c\u0103 nu ave\u021bi talent la desen, doar ne trimite\u021bi o carte, nu exponate pentru o expozi\u021bie de art\u0103. Aceste idei puse pe h\u00e2rtie ne vor ajuta, de asemenea, s\u0103 v\u0103 suger\u0103m \u0219i alte servicii care se potrivesc lucr\u0103rii dvs. Dac\u0103 dorin\u021bele \u0219i ideile dvs. dep\u0103\u0219esc oferta noastr\u0103 pentru serviciile solicitate, ve\u021bi fi contactat(\u0103) dup\u0103 trimiterea manuscrisului pentru a ajunge la un acord. Scana\u021bi desenele sau crea\u021bi-le \u00eentr-un program de desen (dac\u0103 este posibil) \u0219i include\u021bi-le \u00eentr-un folder denumit \u00abSugestii\u00bb<\/p>\n<p style=\"text-align: justify;\"><strong>Pasul 7 \u2013 Dup\u0103 ce primi\u0163i formularul de comand\u0103 \u015fi contractul de prest\u0103ri servicii, citi\u021bi-le cu aten\u0163ie, completa\u021bi-le cu informa\u0163iile solicitate \u0219i trimite\u021bi-le semnate \u00een original pe adresa po\u015ftal\u0103 furnizat\u0103 \u015fi scanate pe adresa de e-mail redactia@editura-virtuala.ro.<\/strong><\/p>\n<p style=\"text-align: justify;\">Completa\u021bi c\u00e2mpurile solicitate \u0219i bifa\u021bi pe formularul de comand\u0103 serviciul ales, serviciile suplimentare specifice \u0219i, eventual, serviciile complementare. Ave\u021bi posibilitatea s\u0103 face\u021bi singuri calculele \u0219i s\u0103 trece\u021bi sumele aferente \u0219i totalul. \u00cencerca\u021bi \u00eent\u00e2i pe o ciorn\u0103.<\/p>\n<p style=\"text-align: justify;\"><strong>Pasul 8 &#8211; Dac\u0103 ave\u021bi nel\u0103muriri, contacta\u021bi-ne!<\/strong><\/p>\n<p style=\"text-align: justify;\">Scrie\u021bi-ne pe adresele de e-mail men\u021bionate sau suna\u021bi-ne \u0219i v\u0103 vom r\u0103spunde cu pl\u0103cere. Dac\u0103 ave\u021bi \u00eentreb\u0103ri de ultim moment \u00eenainte de a finaliza formularul, programa\u021bi pe website-ul nostru o consulta\u021bie gratuit\u0103 pe pagina de contact \u0219i ve\u021bi fi sunat la ora programat\u0103 pentru asisten\u021b\u0103.<\/p>\n<p style=\"text-align: justify;\">Dac\u0103 dori\u0163i distribu\u0163ie, dup\u0103 finalizarea c\u0103r\u021bii (lucr\u0103rii) ve\u021bi primi un contract suplimentar. Re\u0163ine\u0163i c\u0103 Editura Virtual\u0103 NU mai distribuie formate tip\u0103rite. Pentru distribu\u0163ia interna\u0163ional\u0103 (prin Amazon) a formatului dvs. print, ve\u0163i primi consilierea necesar\u0103.<\/p>\n<p style=\"text-align: justify;\"><strong>Pasul 9 \u2013 Arhiva\u021bi sau \u00eempacheta\u021bi materialele \u0219i trimite\u021bi-le<\/strong><\/p>\n<p style=\"text-align: justify;\">Dup\u0103 ce a\u021bi completat folderul special creat cu toate documentele necesare, arhiva\u021bi-l cu un arhivator uzual (RAR, ZIP, etc.) sau apela\u021bi la cineva care \u0219tie s\u0103 fac\u0103 acest lucru. Expedia\u021bi arhiva prin e-mail sau prin serviciul gratuit de transfer de documente www.wetransfer.com (p\u00e2n\u0103 la 2GB de informa\u021bie) pe adresa manuscrise@editura-virtuala.ro.<\/p>\n<p style=\"text-align: justify;\">Dac\u0103 inten\u021biona\u021bi s\u0103 trimite\u021bi prin po\u0219t\u0103 documentele, scrie\u021bi folderul creat pe CD, DVD sau stick, eticheta\u021bi-le conform men\u021biunilor de la Pasul 2, pune\u021bi-le \u00eentr-un plic anti\u0219oc \u0219i expedia\u021bi plicul pe adresa pe care o vom furniza. Nu trimite\u021bi niciodat\u0103 singura copie disponibil\u0103. Dac\u0103 trimite\u021bi materiale originale, \u021bine\u021bi cont \u0219i de faptul c\u0103 acestea pot s\u0103 se piard\u0103 pe traseu. Editura Virtual\u0103 nu poate fi f\u0103cut\u0103 r\u0103spunz\u0103toare pentru aceste pierderi. Pentru mai mult\u0103 siguran\u021b\u0103, expedia\u021bi plicul prin curier rapid pe adresa po\u0219tal\u0103 furnizat\u0103.<\/p>\n","protected":false},"excerpt":{"rendered":"<p>Editura Virtual\u0103 &#8211; Instruc\u021biuni de trimitere a manuscrisului pentru tehnoredactare Acestea sunt sugestii \u015fi recomand\u0103ri pentru a fluidiza procesul de produc\u0163ie \u015fi a men\u0163ine bugetul dvs. \u00een limite acceptabile. Dactilografiere pentru textul \u00een limba rom\u00e2n\u0103 &#8211; reguli generale pentru confortul cititorilor dumneavoastr\u0103 &#8211; Insera\u021bi diacriticele.\u00a0Multe cuvinte \u00ee\u0219i schimb\u0103 sensul dac\u0103 sunt scrise f\u0103r\u0103 diacritice \u0219i<\/p>\n","protected":false},"author":2,"featured_media":0,"parent":0,"menu_order":0,"comment_status":"closed","ping_status":"closed","template":"","meta":{"footnotes":""},"class_list":["post-3462","page","type-page","status-publish","hentry"],"zion_builder_status":false,"_links":{"self":[{"href":"https:\/\/edituravirtuala.ro\/editura\/wp-json\/wp\/v2\/pages\/3462","targetHints":{"allow":["GET"]}}],"collection":[{"href":"https:\/\/edituravirtuala.ro\/editura\/wp-json\/wp\/v2\/pages"}],"about":[{"href":"https:\/\/edituravirtuala.ro\/editura\/wp-json\/wp\/v2\/types\/page"}],"author":[{"embeddable":true,"href":"https:\/\/edituravirtuala.ro\/editura\/wp-json\/wp\/v2\/users\/2"}],"replies":[{"embeddable":true,"href":"https:\/\/edituravirtuala.ro\/editura\/wp-json\/wp\/v2\/comments?post=3462"}],"version-history":[{"count":0,"href":"https:\/\/edituravirtuala.ro\/editura\/wp-json\/wp\/v2\/pages\/3462\/revisions"}],"wp:attachment":[{"href":"https:\/\/edituravirtuala.ro\/editura\/wp-json\/wp\/v2\/media?parent=3462"}],"curies":[{"name":"wp","href":"https:\/\/api.w.org\/{rel}","templated":true}]}}