{"id":2784,"date":"2012-10-16T15:36:21","date_gmt":"2012-10-16T15:36:21","guid":{"rendered":"http:\/\/editura-virtuala.ro\/editura\/?page_id=2784"},"modified":"2019-02-27T09:57:10","modified_gmt":"2019-02-27T09:57:10","slug":"instructiuni-de-formatare-a-manuscriselor","status":"publish","type":"page","link":"https:\/\/edituravirtuala.ro\/editura\/instructiuni-de-formatare-a-manuscriselor\/","title":{"rendered":"Instruc\u021biuni de formatare a manuscriselor"},"content":{"rendered":"<p>V\u0103 rug\u0103m s\u0103 urma\u021bi aceste instruc\u021biuni de formatare a manuscrisului dvs. pentru a optimiza \u0219i eficientiza procesul de editare \u0219i produc\u021bie.<\/p>\n<p><strong>Formatul manuscrisului <\/strong><\/p>\n<p>Manuscrisul dvs. trebuie s\u0103 fie organizat \u00eentr-un singur fi\u0219ier. Acesta trebuie s\u0103 fie creat cu un procesor de text precum Microsoft Word (.doc), Open Office sau orice alt procesor care salveaz\u0103 fi\u0219iere de tip text sau .rtf (Rich Text Format).<\/p>\n<p>Dac\u0103 manuscrisul dvs. nu este \u00een format electronic, Editura Virtual\u0103 poate digitiza manuscrisul dvs. la <a href=\"http:\/\/edituravirtuala.ro\/editura\/digitizarea-manuscrisului-culegere-de-text\/\">pre\u021buri competitive<\/a>.<\/p>\n<p>Pentru a accesa pachetele de servicii, lucrarea dvs. trebuie s\u0103 aib\u0103 un num\u0103r de cuvinte de minim 12.000. Sub acest num\u0103r de cuvinte, lucr\u0103rile sunt tratate ca beneficiare de servicii individuale.<\/p>\n<p>Prefer\u0103m s\u0103 folosi\u021bi:<\/p>\n<ul>\n<li>Fonturi Times New Roman sau Calibri.<\/li>\n<li>Tasta ENTER pentru a trece la un alt paragraf sau la un rand nou. Evita\u021bi folosirea tastei SPACE pentru acest lucru.<\/li>\n<li>Folosi\u021bi combina\u021bia de taste Ctrl + Enter pentru a \u00eencepe un capitol nou la \u00eenceput de pagin\u0103.<\/li>\n<li>Paragrafe \u00eencepute cu un singur tab, de preferin\u021b\u0103 de 0,5 inci. Nu folosi\u021bi tasta SPACE pentru diferen\u021bierea paragrafelor.<\/li>\n<li>Note de subsol, headere \u0219i numerotare automat\u0103 (folosi\u021bi func\u021biile de numerotare \u0219i cele de note de subsol \u0219i headere).<\/li>\n<\/ul>\n<p><strong>Formatare grafic\u0103 <\/strong><\/p>\n<p>Toate imaginile \u0219i graficele trebuie s\u0103 aib\u0103 o rezolu\u021bie de minim 300 dpi recomandat\u0103 pentru o calitate corespunz\u0103toare. Acestea includ: fotografii, diagrame, tabele, desene \u0219i, \u00een principiu, \u00a0orice altceva care nu este text.<\/p>\n<p>Imaginile vor fi salvate ca fi\u0219iere de tip TIFF (.tif) sau JPEG, cu modelul de culoare CMYK (nu RGB), la dimensiunile originale. Copertele realizate de c\u0103tre autor vor fi trimise \u00een format corel (.cdr), cu textul convertit la curbe (pentru Pachetele Print Clasic) \u0219i ca imagine de calitate (JPEG, TIFF la 300 dpi) sau .cdr (fi\u0219ier Corel Draw), .AI (fi\u0219ier Adobe Illustrator). Este indicat s\u0103 ata\u0219a\u021bi \u0219i fontul folosit pentru copert\u0103.<\/p>\n<p>Dac\u0103 dori\u021bi s\u0103 insera\u021bi imagini pe care le de\u021bine\u021bi ca imagini fizice (lucr\u0103ri de art\u0103, desene, fotografii pe h\u00e2rtie, etc.), v\u0103 rug\u0103m s\u0103 le scana\u021bi materialele la dimensiunea original\u0103, cu o rezolu\u021bie de minim 300dpi.<\/p>\n<p>Imaginile din interiorul lucr\u0103rii vor fi convertite \u0219i inserate \u00een alb\/negru sau tonuri de gri. Momentan, nu producem c\u0103r\u021bi cu interior color.<\/p>\n<p>Imaginile vor fi trimise \u00ceNTOTDEAUNA separat de text. NU INCLUDE\u021aI imagini \u00een manuscris. Salva\u021bi imaginile cu denumiri specifice corespunz\u0103toare: test1.jpg, test2.tif, etc. Insera\u021bi \u00een text, exact unde dori\u021bi s\u0103 fie introdus\u0103 imaginea, un marcaj de genul: &lt;insera\u021bi imaginea test1.jpg aici&gt;. V\u0103 rug\u0103m s\u0103 folosi\u021bi numele exact al imaginii pentru o identificare corect\u0103.<\/p>\n<p>Num\u0103rul de imagini permis pentru inserare \u00een con\u021binut depinde de tipul de pachet de servicii ales. Orice inserare suplimentar\u0103 se tarifeaz\u0103 conform schemei de tarifare specifice.<\/p>\n<p>Imaginile pe care ar trebui s\u0103 le trimite\u021bi (de\u021bine\u021bi) pentru lucrarea dvs. sunt, de regul\u0103, urm\u0103toarele:<\/p>\n<ul>\n<li>Ilustra\u021bia de copert\u0103 \u2013 pentru a fi inserat\u0103 pe coperta I.<\/li>\n<li>Designul copertei \u2013 .jpeg de calitate, .tif de calitate, .cdr (fi\u0219ier Corel Draw) sau .AI(fi\u0219ier Adobe Illustrator)<\/li>\n<li>Imaginile de interior \u2013 care vor fi incluse \u00een manuscris.<\/li>\n<li>Fotografia autorului \u2013 care va fi plasat\u0103 pe coperta IV<em>. <\/em><\/li>\n<\/ul>\n<p><strong>Ce trebuie s\u0103 evita\u021bi atunci c\u00e2nd formata\u021bi fi\u0219ierele: <\/strong><\/p>\n<ul>\n<li>Coloane \u00een interiorul textului. Editura Virtual\u0103 ofer\u0103 layout-uri standard de carte. Introducerea de coloane poate corupe aspectul final al lucr\u0103rii. Se accept\u0103 implicit coloane dac\u0103 a\u021bi achizi\u021bionat un pachet care con\u021bine interior customizat.<\/li>\n<li>Text subliniat. Acolo unde este posibil, \u00eenlocui\u021bi textul subliniat cu italice.<\/li>\n<li>Note de subsol introduse \u00een pagin\u0103. Dac\u0103 ave\u021bi note de subsol, marca\u021bi aceste note la sf\u00e2r\u0219itul capitolului sau al lucr\u0103rii.<\/li>\n<li>Imaginile inserate \u00een manuscris.<\/li>\n<li>Caractere de tip Wingdings, marcatori de tip symbol sau caractere care nu sunt disponibile \u00een fontul curent utilizat. Folosi\u021bi marcatorii implici\u021bi ai procesorului dvs. de text \u0219i men\u021biona\u021bi separat, \u00eentr-un text de comentarii, eventualele caracteristici specifice ale textului.<\/li>\n<li>\u00censcrierea numelui dvs. pe fiecare pagin\u0103.<\/li>\n<\/ul>\n<p>Suntem mereu disponibili pentru a veni \u00een \u00eent\u00e2mpinarea dvs. cu solu\u021bii pentru problemele ap\u0103rute. V\u0103 rug\u0103m s\u0103 ne contacta\u021bi la telefon sau prin formularul de mai jos.<\/p>\n","protected":false},"excerpt":{"rendered":"<p>V\u0103 rug\u0103m s\u0103 urma\u021bi aceste instruc\u021biuni de formatare a manuscrisului dvs. pentru a optimiza \u0219i eficientiza procesul de editare \u0219i produc\u021bie. Formatul manuscrisului Manuscrisul dvs. trebuie s\u0103 fie organizat \u00eentr-un singur fi\u0219ier. Acesta trebuie s\u0103 fie creat cu un procesor de text precum Microsoft Word (.doc), Open Office sau orice alt procesor care salveaz\u0103 fi\u0219iere<\/p>\n","protected":false},"author":2,"featured_media":0,"parent":0,"menu_order":0,"comment_status":"closed","ping_status":"closed","template":"","meta":{"footnotes":""},"class_list":["post-2784","page","type-page","status-publish","hentry"],"zion_builder_status":false,"_links":{"self":[{"href":"https:\/\/edituravirtuala.ro\/editura\/wp-json\/wp\/v2\/pages\/2784","targetHints":{"allow":["GET"]}}],"collection":[{"href":"https:\/\/edituravirtuala.ro\/editura\/wp-json\/wp\/v2\/pages"}],"about":[{"href":"https:\/\/edituravirtuala.ro\/editura\/wp-json\/wp\/v2\/types\/page"}],"author":[{"embeddable":true,"href":"https:\/\/edituravirtuala.ro\/editura\/wp-json\/wp\/v2\/users\/2"}],"replies":[{"embeddable":true,"href":"https:\/\/edituravirtuala.ro\/editura\/wp-json\/wp\/v2\/comments?post=2784"}],"version-history":[{"count":0,"href":"https:\/\/edituravirtuala.ro\/editura\/wp-json\/wp\/v2\/pages\/2784\/revisions"}],"wp:attachment":[{"href":"https:\/\/edituravirtuala.ro\/editura\/wp-json\/wp\/v2\/media?parent=2784"}],"curies":[{"name":"wp","href":"https:\/\/api.w.org\/{rel}","templated":true}]}}