{"id":2455,"date":"2012-09-23T19:34:41","date_gmt":"2012-09-23T19:34:41","guid":{"rendered":"http:\/\/editura-virtuala.ro\/editura\/?page_id=2455"},"modified":"2024-07-15T09:30:54","modified_gmt":"2024-07-15T09:30:54","slug":"termenii-si-conditiile-de-accesare","status":"publish","type":"page","link":"https:\/\/edituravirtuala.ro\/editura\/termenii-si-conditiile-de-accesare\/","title":{"rendered":"Termenii \u015fi condi\u0163iile de accesare"},"content":{"rendered":"<p style=\"text-align: justify;\"><strong>Condi\u0163ii contractuale de utilizare a portalului Editura-Virtuala.ro<\/strong><\/p>\n<div style=\"text-align: justify;\"><strong>V\u0102 RUG\u0102M S\u0102 CITI\u0162I CU ATEN\u0162IE ACEST CONTRACT \u00ceNAINTEA UTILIZ\u0102RII ACESTUI WEBSITE.<\/strong>\u00a0Men\u0163inem \u00een stare de func\u0163ionare acest website ca un serviciu adresat clien\u0163ilor no\u015ftri \u015fi trebuie s\u0103 fi\u0163i de acord \u00een totalitate \u015fi s\u0103 accepta\u0163i urm\u0103torii termeni. V\u0103 rug\u0103m s\u0103 citi\u0163i cu aten\u0163ie aceste condi\u0163ii \u015fi s\u0103 verifica\u0163i cu regularitate aceast\u0103 pagin\u0103 pentru eventualele modific\u0103ri.<\/div>\n<p style=\"text-align: justify;\">Acest contract este o \u00een\u0163elegere \u00eentre <strong>S.C. Ambra Creative Network Group SRL<\/strong>, operatorul domeniului \u015fi furnizorul serviciilor con\u0163inute \u00een acest website (<strong>\u201eAmbra\u201d, \u201eAmbra Creative Network\u201d<\/strong>, <strong>\u201eAmbra Publishing<\/strong><strong>\u201d, <\/strong><strong>\u201e<\/strong><strong>Editura Virtual\u0103<\/strong><strong>\u201d <\/strong>sau <strong>\u201enoi\u201d<\/strong>) \u015fi dumneavoastr\u0103 sau, dac\u0103 este cazul, compania sau alt\u0103 entitate legal\u0103 pe care o reprezenta\u0163i (generic: <strong>\u201edumneavoastr\u0103\u201d<\/strong> sau\u00a0<strong>\u201eVizitatorul\u201d<\/strong>, <strong>\u201eClientul\u201d,<\/strong> <strong>\u201eUtilizatoru\u201d, \u201eAbonatul\u201d, \u201eMembrul\u201d <\/strong>sau<strong> \u201eAutorul Independent\u201d<\/strong>). \u00cenainte de utilizarea serviciilor de la Editura-Virtuala.ro (\u201e<strong>Serviciile<\/strong>\u201d)\u00a0descrise aici, v\u0103 rug\u0103m s\u0103 citi\u0163i acest contract denumit\u00a0<strong>Termeni \u015fi Condi\u0163ii de utilizare<\/strong>\u00a0(generic: \u201eContract\u201d). V\u0103 recomand\u0103m s\u0103 citi\u0163i \u015fi documentele:\u00a0<a title=\"Prelucrarea datelor cu caracter personal si protec\u0163ia acestora\" href=\"http:\/\/editura-virtuala.ro\/editura\/prelucrarea-datelor-cu-caracter-personal-si-protectia-acestora\/\" data-wplink-edit=\"true\">Prelucrarea datelor cu caracter personal si protec\u0163ia acestora<\/a>\u00a0precum \u015fi\u00a0<a href=\"http:\/\/editura-virtuala.ro\/editura\/politica-de-confidentialitate\/\" data-wplink-edit=\"true\">Politica de confiden\u0163ialitate<\/a>, care fac parte din acest contract.<br \/>\n<strong>Contractul<\/strong>\u00a0con\u0163ine totalitatea termenilor \u015fi condi\u0163iilor care se aplic\u0103 utiliz\u0103rii de c\u0103tre Dumneavoastr\u0103 a Serviciilor. Pentru a putea utiliza Serviciile noastre, trebuie s\u0103 fi\u0163i de acord cu acest contract. Atunci c\u00e2nd v\u0103 \u00eenscrie\u0163i, ap\u0103sa\u0163i pe butonul \u201eSunt de acord\u201d din josul paginii sau selecta\u0163i caseta\u00a0<strong>Sunt de acord<\/strong>. Dac\u0103 reprezenta\u0163i o companie sau o alt\u0103 entitate juridic\u0103, \u00eenseamn\u0103 c\u0103 ave\u0163i autoritatea legal\u0103 de a implica acea entitate \u00eentr-un contract, \u00een acest caz \u201eDumneavoastr\u0103\u201d \u00eensemn\u00e2nd partea pe care o reprezenta\u0163i. Dac\u0103 nu ave\u0163i aceast\u0103 autoritate sau nu sunte\u0163i de acord cu termenii \u015fi condi\u0163iile din acest contract, v\u0103 rug\u0103m s\u0103 nu folosi\u0163i\u00a0<strong>Serviciile<\/strong>\u00a0noastre.<\/p>\n<div style=\"text-align: justify;\">Termenii \u015fi condi\u0163iile acestui contract pot fi modificate \u00een orice moment, f\u0103r\u0103 nici o notificare, prin publicarea con\u0163inutului revizuit pe www.editura-virtuala.ro, \u00een pagina specific\u0103, iar Dvs. sunte\u0163i responsabil s\u0103 urm\u0103ri\u0163i versiunea curent\u0103 a acestui contract. Continuarea utiliz\u0103rii\u00a0<strong>Serviciilor<\/strong> dup\u0103 publicarea unei versiuni revizuite a contractului constituie o acceptare din partea dvs. a con\u0163inutului revizuit. Dac\u0103 nu sunte\u0163i de acord cu versiunea revizuit\u0103, pute\u0163i rezilia acest contract inform\u00e2ndu-ne printr-un mesaj adresat <strong>S.C. Ambra Creative Network Group SRL<\/strong> prin formularul din pagina de contact. Contul Dumneavoastr\u0103 va fi \u015fters, nu inainte ca p\u0103r\u0163ile s\u0103-\u015fi \u00eendeplineasc\u0103 obliga\u0163iile restante existente \u00een derulare.<\/div>\n<p style=\"text-align: justify;\">PENTRU A V\u0102 PUTEA \u00ceNSCRIE \u00ceN ACEST WEBSITE, TREBUIE S\u0102 AVE\u0162I CEL PUTIN 18 ANI SAU S\u0102 FI\u0162I ASISTAT DE C\u0102TRE UN ADULT LA \u00ceNSCRIERE.<\/p>\n<div>\n<ul>\n<li style=\"list-style-type: none;\">\n<ul>\n<li style=\"text-align: justify;\"><strong>Copyright<\/strong>: Con\u0163inutul articolelor, organizarea, elementele grafice specifice, compila\u0163iile, traducerile etc. legate de acest website sunt protejate prin m\u0103rci \u00eenregistrate, m\u0103rci comerciale sau drepturi intelectuale. Copierea, redistribuirea, utilizarea sau publicarea \u00een afara acestui website, mai pu\u0163in cele conforme cu prevederile din Sectiunea 3, sunt interzise. Prin \u00eenscrierea \u00een acest website nu ob\u0163ine\u0163i drepturi asupra con\u0163inutului, documentelor sau materialelor din acest website. Publicarea de informa\u0163ii sau materiale proprii \u00een website nu constituie o renun\u0163are la drepturile dumneavoastr\u0103 intelectuale asupra materialelor proprii sau asupra acelora pentru care de\u0163ine\u0163i eventuale drepturi.<\/li>\n<\/ul>\n<\/li>\n<\/ul>\n<ul>\n<li style=\"list-style-type: none;\">\n<ul>\n<li style=\"text-align: justify;\"><strong>Frauda<\/strong>: Devenind membru al acestui website, confirma\u0163i c\u0103 informa\u0163iile furnizate \u00een formularul de \u00eenscriere sunt corecte \u015fi adev\u0103rate \u015fi c\u0103 acestea se supun condi\u0163iilor stipulate \u00een acest contract \u015fi celor din documentul\u00a0Prelucrarea datelor cu caracter personal si protec\u0163ia acestora. V\u0103 rug\u0103m s\u0103 lua\u0163i not\u0103 de faptul c\u0103\u00a0 abonamentul dvs. poate fi suspendat sau anulat f\u0103r\u0103 notificare dac\u0103 se dovede\u015fte c\u0103 informa\u0163iile personale furnizate sunt false sau incomplete, dac\u0103\u00a0<strong>Termenii \u015fi condi\u0163iile de utilizare<\/strong>\u00a0au fost \u00eencalcate sau dac\u0103 s-au produs alte abuzuri definite de c\u0103tre <strong>S.C. Ambra Creative Network Group SRL<\/strong>. Dac\u0103 abonamentul sau \u00eenscrierea au fost revocate,\u00a0<strong>S.C. Ambra Creative Network Group SRL<\/strong> \u00ee\u015fi rezerv\u0103 dreptul de a refuza readmiterea sau o nou\u0103 \u00eenscriere \u00een programul propriu.<\/li>\n<\/ul>\n<\/li>\n<\/ul>\n<ul>\n<li style=\"list-style-type: none;\">\n<ul>\n<li style=\"text-align: justify;\"><strong>Drepturi limitate de utilizare<\/strong>. Vizualizarea, tip\u0103rirea sau desc\u0103rcarea de con\u0163inut v\u0103 d\u0103 dreptul la o utilizare limitat\u0103 a acestuia, neexclusiv\u0103 \u015fi doar \u00een interesul dumneavoastr\u0103 personal \u015fi nu va fi folosit pentru republicare, distribuire, sublicen\u0163iere sau preg\u0103tire a unor lucr\u0103ri derivate sau pentru alte situa\u0163ii de acest fel. Nici o parte din con\u0163inut, formularistic\u0103 sau documenta\u0163ie nu poate fi reprodus\u0103 sau \u00eencorporat\u0103 \u00eentr-un sistem de c\u0103utare, electronic sau mecanic, altul dec\u00e2t acela pentru uzul dumneavoastr\u0103 personal.<\/li>\n<\/ul>\n<\/li>\n<\/ul>\n<ul>\n<li style=\"list-style-type: none;\">\n<ul>\n<li style=\"text-align: justify;\"><strong>Editare, \u015ftergere \u015fi modificare<\/strong>. Ne rezerv\u0103m dreptul s\u0103 edit\u0103m sau s\u0103 \u015ftergem orice document, informa\u0163ie sau alt con\u0163inut care apare \u00een acest website, inclusiv acest document, f\u0103r\u0103 o notificare prealabil\u0103 a utilizatorilor.<\/li>\n<\/ul>\n<\/li>\n<\/ul>\n<ul>\n<li style=\"list-style-type: none;\">\n<ul>\n<li style=\"text-align: justify;\"><strong>Desp\u0103gubiri<\/strong>. Sunte\u0163i de acord s\u0103 nu cere\u0163i desp\u0103gubiri nou\u0103 sau p\u0103r\u0163ilor ter\u0163e partenere \u00een urma utiliz\u0103rii defectuase a serviciilor noastre \u015fi ne\u00een\u0163elegerii acestui contract.<\/li>\n<\/ul>\n<\/li>\n<\/ul>\n<ul>\n<li style=\"list-style-type: none;\">\n<ul>\n<li style=\"text-align: justify;\"><strong>Drepturi netransferabile<\/strong>. Dreptul dumneavoastr\u0103 de a utiliza acest website \u015fi\u00a0<strong>Serviciile<\/strong>\u00a0oferite \u00een urma \u00eenscrierii sau abon\u0103rii sunt netransferabile. Parola sau orice alt drept oferit dumneavoastr\u0103 pentru a accesa anumite informa\u0163ii sau documente sunt netransferabile \u015fi oferite doar dumneavoastr\u0103 pentru propria utilizare.<\/li>\n<\/ul>\n<\/li>\n<\/ul>\n<ul>\n<li style=\"list-style-type: none;\">\n<ul>\n<li style=\"text-align: justify;\"><strong>Disclaimer<\/strong>. Sunte\u0163i \u00een mod expres de acord cu faptul c\u0103 a\u0163i luat la cuno\u015ftin\u0163\u0103 \u015fi sunte\u0163i de acord c\u0103\u00a0<strong>S.C. Ambra Creative Network Group SRL<\/strong> nu va fi f\u0103cut\u0103 r\u0103spunz\u0103toare pentru nici un fel de pagube directe, indirecte, accidentale, speciale, inclusiv, dar nu limitat la pagube, pierderi de profit, posibilit\u0103\u0163i de folosire, date sau alte pierderi intangibile sau icomensurabile (chiar dac\u0103\u00a0<strong>S.C. Ambra Creative Network Group SRL<\/strong> a fost \u00eenainte informat\u0103 de posibilitatea apari\u0163iei unor asemenea pierderi), rezult\u00e2nd din: (1) utilizarea sau imposibilitatea utiliz\u0103rii serviciilor portalului; (2) costul procur\u0103rii de bunuri sau servicii complementare rezult\u00e2nd din orice bunuri, date, informa\u0163ii sau servicii achizi\u0163ionate sau ob\u0163inute sau mesaje primite sau tranzac\u0163ii \u00eencepute prin sau de pe portalul www.editura-virtuala.ro; (3) acces neautorizat la sau deteriorarea transmisiilor sau datelor dumneavoastr\u0103; (4) declara\u0163ii sau ac\u0163iuni ale oric\u0103rei ter\u0163e p\u0103r\u0163i asupra serviciilor portalului; sau (5) orice alt\u0103 problem\u0103 legata de serviciile website-ului.<\/li>\n<\/ul>\n<\/li>\n<\/ul>\n<ul>\n<li style=\"list-style-type: none;\">\n<ul>\n<li style=\"text-align: justify;\"><strong>Limitarea responsabilit\u0103\u0163ii<\/strong>. Nu ne asum\u0103m r\u0103spunderea pentru eventualele pagube cauzate de catre viru\u015fii (sau orice alt script, program d\u0103un\u0103tor, etc.) care pot fi prelua\u0163i din comunicarea electronic\u0103 cu noi (inclusiv prin accesarea website-ului). NU VOM PUTEA FI TRA\u015eI LA R\u0102SPUNDERE PENTRU NICI O PAGUB\u0102 INCIDENTAL\u0102, SPECIAL\u0102 SAU CIRCUMSTAN\u0162IAL\u0102 DE NICI UN FEL CARE POATE REZULTA DIN UTILIZAREA SAU IMPOSIBILITATEA UTILIZ\u0102RII ACESTUI WEBSITE. R\u0103spunderea maxim\u0103 pe care o putem avea fa\u0163\u0103 de dumneavoastr\u0103 este echivalent\u0103 cu pre\u0163ul pe care l-a\u0163i pl\u0103tit la un moment dat pentru a accesa produsele \u015fi serviciile noastre.<\/li>\n<\/ul>\n<\/li>\n<\/ul>\n<ul>\n<li style=\"list-style-type: none;\">\n<ul>\n<li style=\"text-align: justify;\"><strong>Utilizarea informa\u0163iilor<\/strong>. Ne rezerv\u0103m dreptul, iar dumneavoastr\u0103 ne autoriza\u0163i s\u0103 folosim, pentru toate scopurile pentru care a fost construit acest website, informa\u0163iile pe care ni le-a\u0163i furnizat, \u00een totalitatea lor, \u00een modul prev\u0103zut \u015fi limitat de c\u0103tre Politica de Confiden\u0163ialitate.<\/li>\n<\/ul>\n<\/li>\n<\/ul>\n<ul>\n<li style=\"list-style-type: none;\">\n<ul>\n<li style=\"text-align: justify;\"><strong>Servicii de la ter\u0163e p\u0103r\u0163i<\/strong>. Consider\u0103m c\u0103 a\u0163i \u00een\u0163eles faptul c\u0103 noi nu oper\u0103m sau control\u0103m produsele \u015fi serviciile oferite de c\u0103tre ter\u0163e p\u0103r\u0163i. Ter\u0163ele p\u0103r\u0163i sunt responsabile pentru toate aspectele privind procesul de comand\u0103, \u00eendeplinirea sarcinilor asumate, facturarea \u015fi rela\u0163ia cu clien\u0163ii, dac\u0103 a\u0163i accesat produse sau servicii oferite de c\u0103tre ace\u015ftia. Noi nu suntem \u015fi nu putem fi considera\u0163i, \u00een nici o conjunctur\u0103, ca parte \u00een tranzac\u0163iile \u015fi \u00een\u0163elegerile \u00eencheiate \u00eentre dumneavoastr\u0103 \u015fi aceste ter\u0163e p\u0103r\u0163i. SUNTE\u0162I DE ACORD CU FAPTUL C\u0102 UTILIZAREA PRODUSELOR SAU SERVICIILOR TER\u0162ELOR P\u0102R\u0162I (PE CARE LE VE\u0162I ACCESA DIN \u015eI PRIN INTERMEDIUL ACESTUI WEBSITE \u015eI AL SERVICIILOR \u015eI PRODUSELOR OFERITE DUMNEAVOASTR\u0102 DE C\u0102TRE NOI) SE VA FACE PE PROPRIUL DUMNEAVOASTR\u0102 RISC \u015eI F\u0102R\u0102 NICI O GARAN\u0162IE.<\/li>\n<\/ul>\n<\/li>\n<\/ul>\n<ul>\n<li style=\"list-style-type: none;\">\n<ul>\n<li style=\"text-align: justify;\"><strong>Politici de la ter\u0163e p\u0103r\u0163i<\/strong>. Orice regul\u0103, politic\u0103 (inclusiv politica de confiden\u0163ialitate) precum \u015fi reguli de accesare privind ter\u0163e p\u0103r\u0163i vi se vor aplica atunci c\u00e2nd naviga\u0163i pe aceste website-uri. Suntem independen\u0163i fa\u0163\u0103 de aceste ter\u0163e p\u0103r\u0163i (\u00een afara situa\u0163iei c\u00e2nd nu se stipuleaz\u0103 altceva) \u015fi sunte\u0163i responsabili de informa\u0163iile pe care le furniza\u0163i acestora. Nici o parte nu are autoritatea de a face declara\u0163ii una \u00een numele celeilalte.<\/li>\n<\/ul>\n<\/li>\n<\/ul>\n<ul>\n<li style=\"list-style-type: none;\">\n<ul>\n<li style=\"text-align: justify;\"><strong>Politica de confiden\u0163ialitate<\/strong>. Politica de confiden\u0163ialitate, care poate fi \u015fi ea modificat\u0103 din timp \u00een timp, este parte a acestui contract.<\/li>\n<\/ul>\n<\/li>\n<\/ul>\n<ul>\n<li style=\"list-style-type: none;\">\n<ul>\n<li style=\"text-align: justify;\"><strong>Pl\u0103\u0163i<\/strong>. Garanta\u0163i faptul c\u0103, \u00een momentul \u00een care cump\u0103ra\u0163i un produs sau un serviciu utiliz\u00e2nd mijloacele de plat\u0103 online, informa\u0163iile pe care le furniza\u0163i sunt reale, corecte \u015fi complete \u015fi c\u0103 sunte\u0163i persoana de\u0163in\u0103toare a mijlocului de plata ales. Pl\u0103\u0163ile electronice sunt procesate de c\u0103tre operatori certifica\u0163i, ale\u015fi cu grij\u0103, dar nu ne putem asuma nici un fel de responsabilitate \u00een numele lor. V\u0103 recomand\u0103m s\u0103 citi\u0163i Condi\u0163iile de utilizare ale serviciilor respective \u00eenainte de a face orice tip de plat\u0103.<\/li>\n<\/ul>\n<\/li>\n<\/ul>\n<ul>\n<li style=\"list-style-type: none;\">\n<ul>\n<li style=\"text-align: justify;\"><strong>Informa\u0163ii speciale<\/strong>. Acest website poate con\u0163ine declara\u0163ii \u015fi afirma\u0163ii privind opera\u0163iile, prospect\u0103rile \u015fi strategiile noastre precum \u015fi ipoteze privind condi\u0163ii financiare diverse, previziuni privind performan\u0163ele economice \u015fi situa\u0163ia pietei de profil precum \u015fi estim\u0103ri ale cererii produselor noastre pe pia\u0163\u0103 ori inten\u0163ii, planuri \u015fi obiective viitoare. Aceste afirma\u0163ii se bazeaz\u0103 pe ipoteze de lucru \u015fi estim\u0103ri care sunt supuse incertitudinii, multe fiind dincolo de controlul nostru. Atunci c\u00e2nd folosim cuvinte precum \u201eanticipare\u201d, \u201ea\u015ftept\u0103ri\u201d, \u201econvingere\u201d \u201eestimare\u201d, \u201eplan\u201d, \u201einten\u0163ie\u201d, \u201eexplorare\u201d precum \u015fi alte cuvinte similare, nu facem dec\u00e2t s\u0103 \u00eencerc\u0103m s\u0103 previzion\u0103m o situa\u0163ie. Informa\u0163iile con\u0163inute \u00een acest website nu constituie o ofert\u0103 sau o solicitare de ofert\u0103 cu scopul de a vinde previziuni. Nici o afirma\u0163ie sau informa\u0163ie con\u0163inut\u0103 \u00een acest website nu poate \u015fi nu trebuie s\u0103 fie folosit\u0103 \u00een documente informative sau \u00een previziuni oficiale \u015fi nu trebuie s\u0103 constituie baza nici unui demers juridic.<\/li>\n<\/ul>\n<\/li>\n<\/ul>\n<ul>\n<li style=\"list-style-type: none;\">\n<ul>\n<li style=\"text-align: justify;\"><strong>Linkuri c\u0103tre alte website-uri<\/strong>. Acest website con\u0163ine leg\u0103turi c\u0103tre alte website-uri (link-uri). Nu suntem responsabili pentru con\u0163inutul, acurate\u0163ea sau opiniile exprimate \u00een aceste website-uri, acestea nefiind verificate, monitorizate sau studiate pentru corectitudinea sau acurate\u0163ea informa\u0163iilor furnizate. Includerea unui link c\u0103tre aceste website-uri nu \u00eenseamn\u0103 \u015fi c\u0103 ne asum\u0103m sau aprob\u0103m continutul lor. Dac\u0103 decideti s\u0103 p\u0103r\u0103si\u0163i\u00a0<a href=\"http:\/\/www.edituravirtuala.ro\/\">www.edituravirtuala.ro<\/a>\u00a0\u015fi s\u0103 accesa\u0163i aceste website-uri, o face\u0163i pe propriul risc.<\/li>\n<\/ul>\n<\/li>\n<\/ul>\n<ul>\n<li style=\"list-style-type: none;\">\n<ul>\n<li style=\"text-align: justify;\"><strong>Con\u0163inut ad\u0103ugat de c\u0103tre clien\u0163i\/vizitatori\/membri\/abona\u0163i<\/strong>. Toate sugestiile, ideile, notele, conceptele \u015fi alte informa\u0163ii pe care ni le-a\u0163i putea trimite din c\u00e2nd \u00een c\u00e2nd (generic: &#8220;Con\u0163inut ad\u0103ugat&#8221;) vor trebui considerate parte a acestui website \u015fi vor \u00eentra sub incidenta prevederilor acestui Contract, f\u0103r\u0103 nici o obliga\u0163ie de plat\u0103 sau confiden\u0163ialitate din partea noastr\u0103.<\/li>\n<\/ul>\n<\/li>\n<\/ul>\n<ul>\n<li style=\"list-style-type: none;\">\n<ul>\n<li style=\"text-align: justify;\"><strong>Rambursarea taxei de acces<\/strong>. Datorit\u0103 naturii serviciilor acestui website,\u00a0<strong>S.C. Ambra Creative Network Group SRL<\/strong> are o politic\u0103 strict\u0103 de returnare a taxei de acces. \u00cen situa\u0163ia \u00een care, din motive neimputabile\u00a0<strong>S.C. Ambra Creative Network Group SRL<\/strong> \u015fi descrise \u00een capitolul &#8220;Riscuri de needitare&#8221; din\u00a0<strong>Regulamentul de editare<\/strong>, realizarea serviciului de editare nu mai este posibil\u0103, taxa de acces va fi returnat\u0103 pl\u0103titorului. Rambursarea se va face prin cea mai ieftina metod\u0103 (online sau prin mandat po\u015ftal), \u00een lei la cursul la care a fost pl\u0103tit\u0103 \u015fi nu va include taxele de prelucrare a pl\u0103\u0163ii \u015fi comisioanele de transfer. Aceast\u0103 op\u0163iune este disponibil\u0103 doar membrilor din cadrul sistemului de editare virtual\u0103.<\/li>\n<\/ul>\n<\/li>\n<\/ul>\n<ul>\n<li style=\"list-style-type: none;\">\n<ul>\n<li style=\"text-align: justify;\"><strong>Aspecte juridice<\/strong>. Orice pl\u00e2ngere sau disput\u0103 determinat\u0103 sau legat\u0103 de utilizarea acestui site, a con\u0163inutului sau sau a materialelor prezentate vor fi guvernate de c\u0103tre legisla\u0163ia rom\u00e2na \u00een vigoare.<br \/>\nCadrul \u015fi condi\u0163iile de utilizare a acestui site pot fi modificate oric\u00e2nd f\u0103r\u0103 o notificare prealabil\u0103. Sunte\u0163i de acord sa reciti\u0163i aceast\u0103 sec\u0163iune a site-ului \u00een mod regulat, iar accesul dvs. continuu sau utilizarea acestui site vor constitui dovada ca a\u0163i fost de acord cu aceste schimb\u0103ri.<\/li>\n<\/ul>\n<\/li>\n<\/ul>\n<ul>\n<li style=\"text-align: justify;\"><strong>Verificarea informa\u0163iilor de membru<\/strong>:\u00a0\u00a0<strong>S.C. Ambra Creative Network Group SRL<\/strong> \u00ee\u015fi rezerv\u0103 dreptul de a contacta un membru prin e-mail \u00a0sau telefonic pentru verificarea acurate\u0163ei informa\u0163iilor din cont (inclusiv numele sau adresa) care sunt necesare furniz\u0103rii serviciilor solicitate de c\u0103tre acesta.<\/li>\n<\/ul>\n<\/div>\n","protected":false},"excerpt":{"rendered":"<p>Condi\u0163ii contractuale de utilizare a portalului Editura-Virtuala.ro V\u0102 RUG\u0102M S\u0102 CITI\u0162I CU ATEN\u0162IE ACEST CONTRACT \u00ceNAINTEA UTILIZ\u0102RII ACESTUI WEBSITE.\u00a0Men\u0163inem \u00een stare de func\u0163ionare acest website ca un serviciu adresat clien\u0163ilor no\u015ftri \u015fi trebuie s\u0103 fi\u0163i de acord \u00een totalitate \u015fi s\u0103 accepta\u0163i urm\u0103torii termeni. V\u0103 rug\u0103m s\u0103 citi\u0163i cu aten\u0163ie aceste condi\u0163ii \u015fi s\u0103 verifica\u0163i<\/p>\n","protected":false},"author":2,"featured_media":0,"parent":0,"menu_order":0,"comment_status":"closed","ping_status":"closed","template":"","meta":{"footnotes":""},"class_list":["post-2455","page","type-page","status-publish","hentry"],"zion_builder_status":false,"_links":{"self":[{"href":"https:\/\/edituravirtuala.ro\/editura\/wp-json\/wp\/v2\/pages\/2455","targetHints":{"allow":["GET"]}}],"collection":[{"href":"https:\/\/edituravirtuala.ro\/editura\/wp-json\/wp\/v2\/pages"}],"about":[{"href":"https:\/\/edituravirtuala.ro\/editura\/wp-json\/wp\/v2\/types\/page"}],"author":[{"embeddable":true,"href":"https:\/\/edituravirtuala.ro\/editura\/wp-json\/wp\/v2\/users\/2"}],"replies":[{"embeddable":true,"href":"https:\/\/edituravirtuala.ro\/editura\/wp-json\/wp\/v2\/comments?post=2455"}],"version-history":[{"count":0,"href":"https:\/\/edituravirtuala.ro\/editura\/wp-json\/wp\/v2\/pages\/2455\/revisions"}],"wp:attachment":[{"href":"https:\/\/edituravirtuala.ro\/editura\/wp-json\/wp\/v2\/media?parent=2455"}],"curies":[{"name":"wp","href":"https:\/\/api.w.org\/{rel}","templated":true}]}}