{"id":2137,"date":"2012-08-21T17:05:17","date_gmt":"2012-08-21T17:05:17","guid":{"rendered":"http:\/\/editura-virtuala.ro\/editura\/?page_id=2137"},"modified":"2016-09-13T12:44:01","modified_gmt":"2016-09-13T12:44:01","slug":"inserarea-elementelor-grafice-de-continut","status":"publish","type":"page","link":"https:\/\/edituravirtuala.ro\/editura\/inserarea-elementelor-grafice-de-continut\/","title":{"rendered":"Inserarea elementelor grafice de con\u021binut"},"content":{"rendered":"<p>Dac\u0103 ave\u021bi o carte care con\u021bine numeroase imagini, elemente grafice, tabele, trebuie s\u0103 \u0219ti\u021bi c\u0103 inserarea acestora presupune o aten\u021bie special\u0103. Pachetele Editurii Virtuale includ, \u00een marea lor majoritate, aceast\u0103 ac\u021biune pentru un num\u0103r limitat de elemente. Pentru celelalte situa\u021bii, tarifele noastre sunt eviden\u021biate mai jos:<\/p>\n<p>&#8211; p\u00e2n\u0103 la 5 elemente grafice suplimentar: 7,5 euro<\/p>\n<p>&#8211; \u00eentre 6 \u0219i 10 elemente grafice suplimentar: 10 euro<\/p>\n<p>peste 10 elemente: 10 euro + 0.75 euro\/element grafic pentru ce dep\u0103\u0219e\u0219te num\u0103rul de 10.<\/p>\n<p>Tarifele sunt facturate \u00een lei, la cursul BNR din ziua emiterii facturii.<\/p>\n<p>&nbsp;<\/p>\n","protected":false},"excerpt":{"rendered":"<p>Dac\u0103 ave\u021bi o carte care con\u021bine numeroase imagini, elemente grafice, tabele, trebuie s\u0103 \u0219ti\u021bi c\u0103 inserarea acestora presupune o aten\u021bie special\u0103. Pachetele Editurii Virtuale includ, \u00een marea lor majoritate, aceast\u0103 ac\u021biune pentru un num\u0103r limitat de elemente. Pentru celelalte situa\u021bii, tarifele noastre sunt eviden\u021biate mai jos: &#8211; p\u00e2n\u0103 la 5 elemente grafice suplimentar: 7,5 euro<\/p>\n","protected":false},"author":2,"featured_media":0,"parent":0,"menu_order":0,"comment_status":"closed","ping_status":"closed","template":"","meta":{"footnotes":""},"class_list":["post-2137","page","type-page","status-publish","hentry"],"zion_builder_status":false,"_links":{"self":[{"href":"https:\/\/edituravirtuala.ro\/editura\/wp-json\/wp\/v2\/pages\/2137","targetHints":{"allow":["GET"]}}],"collection":[{"href":"https:\/\/edituravirtuala.ro\/editura\/wp-json\/wp\/v2\/pages"}],"about":[{"href":"https:\/\/edituravirtuala.ro\/editura\/wp-json\/wp\/v2\/types\/page"}],"author":[{"embeddable":true,"href":"https:\/\/edituravirtuala.ro\/editura\/wp-json\/wp\/v2\/users\/2"}],"replies":[{"embeddable":true,"href":"https:\/\/edituravirtuala.ro\/editura\/wp-json\/wp\/v2\/comments?post=2137"}],"version-history":[{"count":0,"href":"https:\/\/edituravirtuala.ro\/editura\/wp-json\/wp\/v2\/pages\/2137\/revisions"}],"wp:attachment":[{"href":"https:\/\/edituravirtuala.ro\/editura\/wp-json\/wp\/v2\/media?parent=2137"}],"curies":[{"name":"wp","href":"https:\/\/api.w.org\/{rel}","templated":true}]}}