{"id":1640,"date":"2012-05-18T21:00:12","date_gmt":"2012-05-18T21:00:12","guid":{"rendered":"http:\/\/editura-virtuala.ro\/editura\/?page_id=1640"},"modified":"2017-04-16T07:11:02","modified_gmt":"2017-04-16T07:11:02","slug":"recenzie-profesionala","status":"publish","type":"page","link":"https:\/\/edituravirtuala.ro\/editura\/marketing\/recenzie-profesionala\/","title":{"rendered":"Recenzie profesional\u0103 de carte"},"content":{"rendered":"<table>\n<tbody>\n<tr>\n<td>\n<p style=\"text-align: justify;\"><a style=\"text-align: justify; line-height: 19px;\" href=\"http:\/\/editura-virtuala.ro\/editura\/wp-content\/uploads\/2012\/05\/recenzie.jpg\"><img loading=\"lazy\" decoding=\"async\" class=\"alignleft wp-image-1643\" style=\"margin-left: 15px; margin-right: 15px;\" title=\"recenzie\" src=\"http:\/\/editura-virtuala.ro\/editura\/wp-content\/uploads\/2012\/05\/recenzie.jpg\" alt=\"\" width=\"93\" height=\"140\" \/><\/a><strong>Pre\u021b recenzie: de la <span style=\"font-size: 32px;\">79<span style=\"font-size: 22px;\">\u20ac<\/span><\/span>\u00a0(incl.T.V.A)<\/strong><\/p>\n<p style=\"text-align: justify;\">O recenzie profesional\u0103 v\u0103 ajut\u0103 s\u0103 ave\u021bi o prim\u0103 opinie avizat\u0103 asupra c\u0103r\u021bii dvs. O pute\u021bi include pe coperta c\u0103r\u021bilor ulterioare ca \u015fi referin\u0163\u0103 sau o pute\u021bi afi\u0219a pe website-ul dvs., o pute\u0163i insera \u00een comunicatul de pres\u0103 \u015fi, eventual, o pute\u021bi afi\u0219a pe pagina de carte a libr\u0103riei unde se comercializeaz\u0103 titlul \u0219i \u00eenseamn\u0103 o carte de vizit\u0103 important\u0103.<\/p>\n<p style=\"text-align: justify;\">Recenzia este o prezentare a con\u021binutului c\u0103r\u021bii ce poate con\u0163ine: aprecieri critice &#8211; relevarea punctelor &#8220;tari&#8221; \u0219i &#8220;slabe&#8221; ale c\u0103r\u021bii, opinii despre originalitatea lucr\u0103rii \u00een biografia autorului sau \u00een bibliografia domeniului, comentarii etc. Totu\u015fi, nu exist\u0103 o re\u021bet\u0103 general\u0103 pentru redactarea unei recenzii, deoarece aproape fiecare carte este un unicat.<\/p>\n<p style=\"text-align: justify;\">O recenzie pozitiv\u0103* poate face diferen\u021ba \u0219i va avea un impact deosebit asupra cititorilor \u0219i asupra v\u00e2nz\u0103rilor. Constituit\u0103 ca un articol, recenzia furnizat\u0103 de noi poate fi folosit\u0103 \u0219i pentru publicare \u00een diverse medii (bloguri, facebook, reviste etc.), ca un plus la promovarea c\u0103r\u021bii dvs.<\/p>\n<p style=\"text-align: justify;\">V\u0103 oferim recenzii profesionale de carte pentru texte literare \u2013 orice gen, la pre\u0163ul de 79 euro inclusiv T.V.A., pentru o carte de 55000 de cuvinte (aprox. 180 pagini de carte) plus 6 euro incl. TVA la fiecare 10.000 de cuvinte (aprox. 30 pagini de carte) suplimentare, dar \u015fi recenzii pentru texte din anumite domenii \u015ftiin\u0163ifice precum \u015fi verificare \u015ftiin\u0163ific\u0103 (peer review), la pre\u0163uri negociate \u00een func\u0163ie de text \u015fi domeniu. Pentru orice text non-fiction v\u0103 rug\u0103m s\u0103 ne consulta\u0163i \u00een prealabil folosind <a href=\"http:\/\/edituravirtuala.ro\/editura\/contact\/\">pagina de contact<\/a>, pentru a v\u0103 confirma disponibilitatea unui recenzor \u015ftiin\u0163ific \u00een domeniul dvs.<\/p>\n<\/td>\n<\/tr>\n<\/tbody>\n<\/table>\n<table>\n<tbody>\n<tr>\n<td>\n<p style=\"text-align: justify;\"><strong>Termeni \u015fi condi\u0163ii<\/strong><\/p>\n<p><b>Recenzia<\/b>\u00a0este o prezentare succint\u0103 (\u00een general la apari\u021bie) a unei opere literare sau \u0219tiin\u021bifice, cu comentarii \u0219i aprecieri critice.<\/p>\n<p style=\"text-align: justify;\">Recenzia pe care o oferim clien\u0163ilor no\u015ftri este realizat\u0103 de colaboratorii no\u0219tri sunt profesioni\u0219ti ai literelor, critici, scriitori \u0219i importan\u021bi oameni de cultur\u0103.\u00a0Recenziile se bazeaz\u0103 strict pe materialul pe care ni-l trimite\u0163i \u015fi se face referire doar la el, evit\u00e2ndu-se pe c\u00e2t posibil aprecieri la adresa autorului. Cu toate acestea, este posibil ca recenzorul s\u0103 ia \u00een calcul experien\u0163a \u015fi trecutul literar al autorului \u015fi s\u0103 fac\u0103 observa\u0163ii pe baza acestora. Prin natura acestui serviciu, ave\u0163i deplina libertate de a elimina din recenzie pasajele neconvenabile (spre exemplu, pentru un extras care s\u0103 fie publicat pe coperta c\u0103r\u0163ii sau \u00een Cuv\u00e2ntul \u00eenainte). Totu\u015fi, dac\u0103 dori\u0163i ca recenzia s\u0103 apar\u0103 integral \u00een pres\u0103, aceasta trebuie publicat\u0103 sub semn\u0103tura recenzorului.<\/p>\n<p>Pentru a comanda serviciul de recenzie literar\u0103, este necesar s\u0103 fi\u0163i de acord \u00een mod expres cu urm\u0103toarele:<\/p>\n<p><strong>1. Serviciul este oferit \u00een termeni de bun\u0103 credin\u0163\u0103, a\u015fa cum este \u015fi reprezint\u0103 o reac\u0163ie profesional\u0103 (feed-back) la un produs literar.<\/strong><\/p>\n<p style=\"text-align: justify;\">Opiniile recenzorilor sunt proprii acestuia \u015fi nu reprezint\u0103 pozi\u0163ia sau opiniile editurii \u015fi se bazeaz\u0103 pe experien\u0163a vast\u0103 \u00een domeniu.\u00a0Remarcile din analiza primit\u0103 reprezint\u0103 strict punctul de vedere al recenzorului.<\/p>\n<p style=\"text-align: justify;\"><strong>Aceste opinii nu pot constitui obiectul unei ac\u0163iuni juridice \u00eendreptate \u00eempotriva Editurii Virtuale sau a consultan\u0163ilor no\u015ftri.<\/strong><\/p>\n<p><strong>2. Folosirea unei recenzii literare &#8211; la libera alegere a autorului.<\/strong><\/p>\n<p style=\"text-align: justify;\">Recenziile noastre sunt un produs de tip \u201ea\u015fa cum se livreaz\u0103\u201d \u015fi pot fi folosite frac\u0163ionat (numai aprecierile pozitive \u2013 de exemplu) sau \u00een \u00eentreg, f\u0103r\u0103 modificare de con\u0163inut \u00een situa\u0163ia \u00een care se citeaz\u0103 cu numele autorului recenziei.<\/p>\n<p style=\"text-align: justify;\">\u00cen situa\u0163ia atribuirii recenziei, drepturile de autor apar\u0163in autorului acesteia \u015fi v\u0103 sunt transferate cu titlu de folosire pe termen nelimitat, pentru toate edi\u0163iile c\u0103r\u0163ii respective.<\/p>\n<p style=\"text-align: justify;\">Recenzia poate fi publicat\u0103 integral sau citat\u0103 f\u0103r\u0103 restric\u0163ii \u00een print, mediul online sau comunicate de pres\u0103.<\/p>\n<p style=\"text-align: justify;\">Solicit\u0103rile de recenzii se fac doar pentru c\u0103r\u021bile care au beneficiat cel pu\u0163in de <a href=\"http:\/\/edituravirtuala.ro\/editura\/corectura-redactare-si-stilizare\/\">redactare<\/a> sau pentru c\u0103r\u0163i care au fost deja publicate \u00een sistemul editorial tradi\u0163ional.<\/p>\n<p><strong>3. Rambursarea serviciului nu este o op\u0163iune.<\/strong><\/p>\n<p>Dac\u0103 a\u0163i hot\u0103r\u00e2t c\u0103 ave\u0163i nevoie de opinia unui recenzor, trebuie s\u0103 \u015fti\u0163i c\u0103 aceast\u0103 opinie se ob\u0163ine cu o munc\u0103 sus\u0163inut\u0103 \u015fi atent\u0103 din partea unui om care va citi cartea sau manuscrisul dvs. Aceast\u0103 munc\u0103 exist\u0103 indiferent dac\u0103 manuscrisul este genial sau mai pu\u0163in reu\u015fit \u015fi va genera o opinie personalizat\u0103 \u015fi un produs literar de tip articol scris la adresa acestuia. Din aceast\u0103 cauz\u0103, serviciul nu este rambursabil.<\/p>\n<p>\u00cen rare situa\u0163ii \u00een care, datorit\u0103 calit\u0103\u0163ii materialului recenzat sau ale unor elemente care nu se \u00eencadreaz\u0103 \u00een profilul niciunui recenzor (manuscris complet neliterar, v\u0103dit ofensator, pornografic sau greu lizibil\/ilogic \u2013 \u00een concluzie: nerecenzabil), se va rambursa contravaloarea serviciului \u015fi nu vi se va oferi nicio recenzie. Aceste situa\u0163ii v\u0103 vor fi aduse la cuno\u015ftin\u0163\u0103 imediat ce apare situa\u0163ia \u015fi sunt cele pe care ni le asum\u0103m.<\/p>\n<p><strong>___<\/strong><\/p>\n<p style=\"text-align: justify;\">*dac\u0103 recenzia este 100% pozitiv\u0103, primi\u021bi o reducere de 10% la orice alt serviciu de marketing. Oferta nu se cumuleaz\u0103 cu ofertele interne specifice de la Editura Virtual\u0103.<\/p>\n<\/td>\n<\/tr>\n<\/tbody>\n<\/table>\n<p><span style=\"border-radius: 2px; text-indent: 20px; width: auto; padding: 0px 4px 0px 0px; text-align: center; font: bold 11px\/20px 'Helvetica Neue',Helvetica,sans-serif; color: #ffffff; background: #bd081c no-repeat scroll 3px 50% \/ 14px 14px; position: absolute; opacity: 1; z-index: 8675309; display: none; cursor: pointer;\">Save<\/span><\/p>\n<p><span style=\"border-radius: 2px; text-indent: 20px; width: auto; padding: 0px 4px 0px 0px; text-align: center; font: bold 11px\/20px 'Helvetica Neue',Helvetica,sans-serif; color: #ffffff; background: #bd081c no-repeat scroll 3px 50% \/ 14px 14px; position: absolute; opacity: 1; z-index: 8675309; display: none; cursor: pointer;\">Save<\/span><\/p>\n<p><span style=\"border-radius: 2px; text-indent: 20px; width: auto; padding: 0px 4px 0px 0px; text-align: center; font: bold 11px\/20px 'Helvetica Neue',Helvetica,sans-serif; color: #ffffff; background: #bd081c  no-repeat scroll 3px 50% \/ 14px 14px; position: absolute; opacity: 1; z-index: 8675309; display: none; cursor: pointer;\">Save<\/span><\/p>\n","protected":false},"excerpt":{"rendered":"<p>Pre\u021b recenzie: de la 79\u20ac\u00a0(incl.T.V.A) O recenzie profesional\u0103 v\u0103 ajut\u0103 s\u0103 ave\u021bi o prim\u0103 opinie avizat\u0103 asupra c\u0103r\u021bii dvs. O pute\u021bi include pe coperta c\u0103r\u021bilor ulterioare ca \u015fi referin\u0163\u0103 sau o pute\u021bi afi\u0219a pe website-ul dvs., o pute\u0163i insera \u00een comunicatul de pres\u0103 \u015fi, eventual, o pute\u021bi afi\u0219a pe pagina de carte a libr\u0103riei unde<\/p>\n","protected":false},"author":2,"featured_media":0,"parent":1786,"menu_order":0,"comment_status":"closed","ping_status":"closed","template":"","meta":{"footnotes":""},"class_list":["post-1640","page","type-page","status-publish","hentry"],"zion_builder_status":false,"_links":{"self":[{"href":"https:\/\/edituravirtuala.ro\/editura\/wp-json\/wp\/v2\/pages\/1640","targetHints":{"allow":["GET"]}}],"collection":[{"href":"https:\/\/edituravirtuala.ro\/editura\/wp-json\/wp\/v2\/pages"}],"about":[{"href":"https:\/\/edituravirtuala.ro\/editura\/wp-json\/wp\/v2\/types\/page"}],"author":[{"embeddable":true,"href":"https:\/\/edituravirtuala.ro\/editura\/wp-json\/wp\/v2\/users\/2"}],"replies":[{"embeddable":true,"href":"https:\/\/edituravirtuala.ro\/editura\/wp-json\/wp\/v2\/comments?post=1640"}],"version-history":[{"count":0,"href":"https:\/\/edituravirtuala.ro\/editura\/wp-json\/wp\/v2\/pages\/1640\/revisions"}],"up":[{"embeddable":true,"href":"https:\/\/edituravirtuala.ro\/editura\/wp-json\/wp\/v2\/pages\/1786"}],"wp:attachment":[{"href":"https:\/\/edituravirtuala.ro\/editura\/wp-json\/wp\/v2\/media?parent=1640"}],"curies":[{"name":"wp","href":"https:\/\/api.w.org\/{rel}","templated":true}]}}